{"id":1144,"date":"2024-12-24T09:25:41","date_gmt":"2024-12-24T08:25:41","guid":{"rendered":"https:\/\/norekspert.no\/?page_id=1144"},"modified":"2025-11-17T12:34:32","modified_gmt":"2025-11-17T11:34:32","slug":"reprezentowanie-w-nav","status":"publish","type":"page","link":"https:\/\/norekspert.no\/pl\/reprezentowanie-w-nav\/","title":{"rendered":"Reprezentowanie w NAV"},"content":{"rendered":"","protected":false},"excerpt":{"rendered":"","protected":false},"author":7,"featured_media":3587,"parent":0,"menu_order":0,"comment_status":"closed","ping_status":"closed","template":"","meta":{"_acf_changed":false,"inline_featured_image":false,"footnotes":""},"class_list":["post-1144","page","type-page","status-publish","has-post-thumbnail","hentry"],"acf":[],"yoast_head":"<!-- This site is optimized with the Yoast SEO plugin v25.8 - https:\/\/yoast.com\/wordpress\/plugins\/seo\/ -->\n<title>Reprezentowanie w NAV | NorEkspert<\/title>\n<meta name=\"description\" content=\"Skuteczna pomoc w kontaktach z NAV. Reprezentujemy Ci\u0119 w urz\u0119dzie, przygotowujemy wnioski i odwo\u0142ania. Dzia\u0142amy szybko i profesjonalnie.\" \/>\n<meta name=\"robots\" content=\"index, follow, max-snippet:-1, max-image-preview:large, max-video-preview:-1\" \/>\n<link rel=\"canonical\" href=\"https:\/\/norekspert.no\/pl\/reprezentowanie-w-nav\/\" \/>\n<meta property=\"og:locale\" content=\"pl_PL\" \/>\n<meta property=\"og:type\" content=\"article\" \/>\n<meta property=\"og:title\" content=\"Reprezentowanie w NAV | NorEkspert\" \/>\n<meta property=\"og:description\" content=\"Skuteczna pomoc w kontaktach z NAV. Reprezentujemy Ci\u0119 w urz\u0119dzie, przygotowujemy wnioski i odwo\u0142ania. Dzia\u0142amy szybko i profesjonalnie.\" \/>\n<meta property=\"og:url\" content=\"https:\/\/norekspert.no\/pl\/reprezentowanie-w-nav\/\" \/>\n<meta property=\"og:site_name\" content=\"NorEkspert - Jeste\u015bmy Twoj\u0105 przewag\u0105 w Norwegii\" \/>\n<meta property=\"article:modified_time\" content=\"2025-11-17T11:34:32+00:00\" \/>\n<meta property=\"og:image\" content=\"https:\/\/norekspert.no\/wp-content\/uploads\/2025\/05\/reprezentowanie-w-nav-1.jpg\" \/>\n\t<meta property=\"og:image:width\" content=\"1200\" \/>\n\t<meta property=\"og:image:height\" content=\"630\" \/>\n\t<meta property=\"og:image:type\" content=\"image\/jpeg\" \/>\n<meta name=\"twitter:card\" content=\"summary_large_image\" \/>\n<meta name=\"twitter:label1\" content=\"Szacowany czas czytania\" \/>\n\t<meta name=\"twitter:data1\" content=\"1 minuta\" \/>\n<script type=\"application\/ld+json\" class=\"yoast-schema-graph\">{\"@context\":\"https:\/\/schema.org\",\"@graph\":[{\"@type\":\"WebPage\",\"@id\":\"https:\/\/norekspert.no\/pl\/reprezentowanie-w-nav\/\",\"url\":\"https:\/\/norekspert.no\/pl\/reprezentowanie-w-nav\/\",\"name\":\"Reprezentowanie w NAV | NorEkspert\",\"isPartOf\":{\"@id\":\"https:\/\/norekspert.no\/#website\"},\"primaryImageOfPage\":{\"@id\":\"https:\/\/norekspert.no\/pl\/reprezentowanie-w-nav\/#primaryimage\"},\"image\":{\"@id\":\"https:\/\/norekspert.no\/pl\/reprezentowanie-w-nav\/#primaryimage\"},\"thumbnailUrl\":\"https:\/\/norekspert.no\/wp-content\/uploads\/2025\/05\/reprezentowanie-w-nav-1.webp\",\"datePublished\":\"2024-12-24T08:25:41+00:00\",\"dateModified\":\"2025-11-17T11:34:32+00:00\",\"description\":\"Skuteczna pomoc w kontaktach z NAV. Reprezentujemy Ci\u0119 w urz\u0119dzie, przygotowujemy wnioski i odwo\u0142ania. Dzia\u0142amy szybko i profesjonalnie.\",\"breadcrumb\":{\"@id\":\"https:\/\/norekspert.no\/pl\/reprezentowanie-w-nav\/#breadcrumb\"},\"inLanguage\":\"pl-PL\",\"potentialAction\":[{\"@type\":\"ReadAction\",\"target\":[\"https:\/\/norekspert.no\/pl\/reprezentowanie-w-nav\/\"]}]},{\"@type\":\"ImageObject\",\"inLanguage\":\"pl-PL\",\"@id\":\"https:\/\/norekspert.no\/pl\/reprezentowanie-w-nav\/#primaryimage\",\"url\":\"https:\/\/norekspert.no\/wp-content\/uploads\/2025\/05\/reprezentowanie-w-nav-1.webp\",\"contentUrl\":\"https:\/\/norekspert.no\/wp-content\/uploads\/2025\/05\/reprezentowanie-w-nav-1.webp\",\"width\":1920,\"height\":1080,\"caption\":\"T\u0142umaczenia przysi\u0119g\u0142e| NorEkspert\"},{\"@type\":\"BreadcrumbList\",\"@id\":\"https:\/\/norekspert.no\/pl\/reprezentowanie-w-nav\/#breadcrumb\",\"itemListElement\":[{\"@type\":\"ListItem\",\"position\":1,\"name\":\"Strona g\u0142\u00f3wna\",\"item\":\"https:\/\/norekspert.no\/pl\/\"},{\"@type\":\"ListItem\",\"position\":2,\"name\":\"Reprezentowanie w NAV\"}]},{\"@type\":\"WebSite\",\"@id\":\"https:\/\/norekspert.no\/#website\",\"url\":\"https:\/\/norekspert.no\/\",\"name\":\"NorEkspert - Jeste\u015bmy Twoj\u0105 przewag\u0105 w Norwegii\",\"description\":\"Us\u0142ugi doradcze i outsourcingowe dla Polak\u00f3w w Norwegii\",\"potentialAction\":[{\"@type\":\"SearchAction\",\"target\":{\"@type\":\"EntryPoint\",\"urlTemplate\":\"https:\/\/norekspert.no\/?s={search_term_string}\"},\"query-input\":{\"@type\":\"PropertyValueSpecification\",\"valueRequired\":true,\"valueName\":\"search_term_string\"}}],\"inLanguage\":\"pl-PL\"}]}<\/script>\n<!-- \/ Yoast SEO plugin. -->","yoast_head_json":{"title":"Reprezentowanie w NAV | NorEkspert","description":"Skuteczna pomoc w kontaktach z NAV. Reprezentujemy Ci\u0119 w urz\u0119dzie, przygotowujemy wnioski i odwo\u0142ania. Dzia\u0142amy szybko i profesjonalnie.","robots":{"index":"index","follow":"follow","max-snippet":"max-snippet:-1","max-image-preview":"max-image-preview:large","max-video-preview":"max-video-preview:-1"},"canonical":"https:\/\/norekspert.no\/pl\/reprezentowanie-w-nav\/","og_locale":"pl_PL","og_type":"article","og_title":"Reprezentowanie w NAV | NorEkspert","og_description":"Skuteczna pomoc w kontaktach z NAV. Reprezentujemy Ci\u0119 w urz\u0119dzie, przygotowujemy wnioski i odwo\u0142ania. Dzia\u0142amy szybko i profesjonalnie.","og_url":"https:\/\/norekspert.no\/pl\/reprezentowanie-w-nav\/","og_site_name":"NorEkspert - Jeste\u015bmy Twoj\u0105 przewag\u0105 w Norwegii","article_modified_time":"2025-11-17T11:34:32+00:00","og_image":[{"width":1200,"height":630,"url":"https:\/\/norekspert.no\/wp-content\/uploads\/2025\/05\/reprezentowanie-w-nav-1.jpg","type":"image\/jpeg"}],"twitter_card":"summary_large_image","twitter_misc":{"Szacowany czas czytania":"1 minuta"},"schema":{"@context":"https:\/\/schema.org","@graph":[{"@type":"WebPage","@id":"https:\/\/norekspert.no\/pl\/reprezentowanie-w-nav\/","url":"https:\/\/norekspert.no\/pl\/reprezentowanie-w-nav\/","name":"Reprezentowanie w NAV | NorEkspert","isPartOf":{"@id":"https:\/\/norekspert.no\/#website"},"primaryImageOfPage":{"@id":"https:\/\/norekspert.no\/pl\/reprezentowanie-w-nav\/#primaryimage"},"image":{"@id":"https:\/\/norekspert.no\/pl\/reprezentowanie-w-nav\/#primaryimage"},"thumbnailUrl":"https:\/\/norekspert.no\/wp-content\/uploads\/2025\/05\/reprezentowanie-w-nav-1.webp","datePublished":"2024-12-24T08:25:41+00:00","dateModified":"2025-11-17T11:34:32+00:00","description":"Skuteczna pomoc w kontaktach z NAV. Reprezentujemy Ci\u0119 w urz\u0119dzie, przygotowujemy wnioski i odwo\u0142ania. Dzia\u0142amy szybko i profesjonalnie.","breadcrumb":{"@id":"https:\/\/norekspert.no\/pl\/reprezentowanie-w-nav\/#breadcrumb"},"inLanguage":"pl-PL","potentialAction":[{"@type":"ReadAction","target":["https:\/\/norekspert.no\/pl\/reprezentowanie-w-nav\/"]}]},{"@type":"ImageObject","inLanguage":"pl-PL","@id":"https:\/\/norekspert.no\/pl\/reprezentowanie-w-nav\/#primaryimage","url":"https:\/\/norekspert.no\/wp-content\/uploads\/2025\/05\/reprezentowanie-w-nav-1.webp","contentUrl":"https:\/\/norekspert.no\/wp-content\/uploads\/2025\/05\/reprezentowanie-w-nav-1.webp","width":1920,"height":1080,"caption":"T\u0142umaczenia przysi\u0119g\u0142e| NorEkspert"},{"@type":"BreadcrumbList","@id":"https:\/\/norekspert.no\/pl\/reprezentowanie-w-nav\/#breadcrumb","itemListElement":[{"@type":"ListItem","position":1,"name":"Strona g\u0142\u00f3wna","item":"https:\/\/norekspert.no\/pl\/"},{"@type":"ListItem","position":2,"name":"Reprezentowanie w NAV"}]},{"@type":"WebSite","@id":"https:\/\/norekspert.no\/#website","url":"https:\/\/norekspert.no\/","name":"NorEkspert - Jeste\u015bmy Twoj\u0105 przewag\u0105 w Norwegii","description":"Us\u0142ugi doradcze i outsourcingowe dla Polak\u00f3w w Norwegii","potentialAction":[{"@type":"SearchAction","target":{"@type":"EntryPoint","urlTemplate":"https:\/\/norekspert.no\/?s={search_term_string}"},"query-input":{"@type":"PropertyValueSpecification","valueRequired":true,"valueName":"search_term_string"}}],"inLanguage":"pl-PL"}]}},"_links":{"self":[{"href":"https:\/\/norekspert.no\/pl\/wp-json\/wp\/v2\/pages\/1144","targetHints":{"allow":["GET"]}}],"collection":[{"href":"https:\/\/norekspert.no\/pl\/wp-json\/wp\/v2\/pages"}],"about":[{"href":"https:\/\/norekspert.no\/pl\/wp-json\/wp\/v2\/types\/page"}],"author":[{"embeddable":true,"href":"https:\/\/norekspert.no\/pl\/wp-json\/wp\/v2\/users\/7"}],"replies":[{"embeddable":true,"href":"https:\/\/norekspert.no\/pl\/wp-json\/wp\/v2\/comments?post=1144"}],"version-history":[{"count":12,"href":"https:\/\/norekspert.no\/pl\/wp-json\/wp\/v2\/pages\/1144\/revisions"}],"predecessor-version":[{"id":4975,"href":"https:\/\/norekspert.no\/pl\/wp-json\/wp\/v2\/pages\/1144\/revisions\/4975"}],"wp:featuredmedia":[{"embeddable":true,"href":"https:\/\/norekspert.no\/pl\/wp-json\/wp\/v2\/media\/3587"}],"wp:attachment":[{"href":"https:\/\/norekspert.no\/pl\/wp-json\/wp\/v2\/media?parent=1144"}],"curies":[{"name":"wp","href":"https:\/\/api.w.org\/{rel}","templated":true}]}}