{"id":1146,"date":"2024-12-24T09:26:36","date_gmt":"2024-12-24T08:26:36","guid":{"rendered":"https:\/\/norekspert.no\/?page_id=1146"},"modified":"2026-01-07T12:42:53","modified_gmt":"2026-01-07T11:42:53","slug":"emerytury","status":"publish","type":"page","link":"https:\/\/norekspert.no\/pl\/emerytury\/","title":{"rendered":"Emerytury"},"content":{"rendered":"","protected":false},"excerpt":{"rendered":"","protected":false},"author":5,"featured_media":4790,"parent":0,"menu_order":0,"comment_status":"closed","ping_status":"closed","template":"","meta":{"_acf_changed":false,"inline_featured_image":false,"footnotes":""},"class_list":["post-1146","page","type-page","status-publish","has-post-thumbnail","hentry"],"acf":[],"yoast_head":"<!-- This site is optimized with the Yoast SEO plugin v25.8 - https:\/\/yoast.com\/wordpress\/plugins\/seo\/ -->\n<title>Emerytura w Norwegii | NAV, AFP, OTP | NorEkspert<\/title>\n<meta name=\"description\" content=\"Profesjonalne wsparcie w uzyskaniu emerytury w Norwegii. Analizy emerytalne, wnioski o NAV, AFP i OTP. 14 lat do\u015bwiadczenia. Napisz do nas!\" \/>\n<meta name=\"robots\" content=\"index, follow, max-snippet:-1, max-image-preview:large, max-video-preview:-1\" \/>\n<link rel=\"canonical\" href=\"https:\/\/norekspert.no\/pl\/emerytury\/\" \/>\n<meta property=\"og:locale\" content=\"pl_PL\" \/>\n<meta property=\"og:type\" content=\"article\" \/>\n<meta property=\"og:title\" content=\"Emerytura z NAV, AFP i OTP - kompleksowe wsparcie dla Polak\u00f3w\" \/>\n<meta property=\"og:description\" content=\"Planujesz emerytur\u0119 w Norwegii? Pomo\u017cemy Ci:\u2705 Przeprowadzi\u0107 analiz\u0119 emerytaln\u0105 \u2705 Z\u0142o\u017cy\u0107 wniosek o emerytur\u0119 z NAV \u2705 Uzyska\u0107 dodatkowe \u015bwiadczenia AFP i OTP \u2705 Wybra\u0107 najlepszy moment przej\u015bcia na emerytur\u0119 | 14 lat do\u015bwiadczenia | Norweskoj\u0119zyczni eksperci | Kompleksowa obs\u0142uga | Zadbaj o swoj\u0105 przysz\u0142o\u015b\u0107 finansow\u0105 ju\u017c dzi\u015b! Skontaktuj si\u0119 z nami: info@norekspert.no\" \/>\n<meta property=\"og:url\" content=\"https:\/\/norekspert.no\/pl\/emerytury\/\" \/>\n<meta property=\"og:site_name\" content=\"NorEkspert - Jeste\u015bmy Twoj\u0105 przewag\u0105 w Norwegii\" \/>\n<meta property=\"article:modified_time\" content=\"2026-01-07T11:42:53+00:00\" \/>\n<meta property=\"og:image\" content=\"https:\/\/norekspert.no\/wp-content\/uploads\/2025\/11\/emerytury-1.webp\" \/>\n\t<meta property=\"og:image:width\" content=\"1200\" \/>\n\t<meta property=\"og:image:height\" content=\"630\" \/>\n\t<meta property=\"og:image:type\" content=\"image\/webp\" \/>\n<meta name=\"twitter:card\" content=\"summary_large_image\" \/>\n<meta name=\"twitter:label1\" content=\"Szacowany czas czytania\" \/>\n\t<meta name=\"twitter:data1\" content=\"1 minuta\" \/>\n<script type=\"application\/ld+json\" class=\"yoast-schema-graph\">{\"@context\":\"https:\/\/schema.org\",\"@graph\":[{\"@type\":\"WebPage\",\"@id\":\"https:\/\/norekspert.no\/pl\/emerytury\/\",\"url\":\"https:\/\/norekspert.no\/pl\/emerytury\/\",\"name\":\"Emerytura w Norwegii | NAV, AFP, OTP | NorEkspert\",\"isPartOf\":{\"@id\":\"https:\/\/norekspert.no\/#website\"},\"primaryImageOfPage\":{\"@id\":\"https:\/\/norekspert.no\/pl\/emerytury\/#primaryimage\"},\"image\":{\"@id\":\"https:\/\/norekspert.no\/pl\/emerytury\/#primaryimage\"},\"thumbnailUrl\":\"https:\/\/norekspert.no\/wp-content\/uploads\/2025\/11\/emerytury.webp\",\"datePublished\":\"2024-12-24T08:26:36+00:00\",\"dateModified\":\"2026-01-07T11:42:53+00:00\",\"description\":\"Profesjonalne wsparcie w uzyskaniu emerytury w Norwegii. Analizy emerytalne, wnioski o NAV, AFP i OTP. 14 lat do\u015bwiadczenia. Napisz do nas!\",\"breadcrumb\":{\"@id\":\"https:\/\/norekspert.no\/pl\/emerytury\/#breadcrumb\"},\"inLanguage\":\"pl-PL\",\"potentialAction\":[{\"@type\":\"ReadAction\",\"target\":[\"https:\/\/norekspert.no\/pl\/emerytury\/\"]}]},{\"@type\":\"ImageObject\",\"inLanguage\":\"pl-PL\",\"@id\":\"https:\/\/norekspert.no\/pl\/emerytury\/#primaryimage\",\"url\":\"https:\/\/norekspert.no\/wp-content\/uploads\/2025\/11\/emerytury.webp\",\"contentUrl\":\"https:\/\/norekspert.no\/wp-content\/uploads\/2025\/11\/emerytury.webp\",\"width\":1920,\"height\":1080,\"caption\":\"Emerytury w Norwegii | NorEkspert\"},{\"@type\":\"BreadcrumbList\",\"@id\":\"https:\/\/norekspert.no\/pl\/emerytury\/#breadcrumb\",\"itemListElement\":[{\"@type\":\"ListItem\",\"position\":1,\"name\":\"Strona g\u0142\u00f3wna\",\"item\":\"https:\/\/norekspert.no\/pl\/\"},{\"@type\":\"ListItem\",\"position\":2,\"name\":\"Emerytury\"}]},{\"@type\":\"WebSite\",\"@id\":\"https:\/\/norekspert.no\/#website\",\"url\":\"https:\/\/norekspert.no\/\",\"name\":\"NorEkspert - Jeste\u015bmy Twoj\u0105 przewag\u0105 w Norwegii\",\"description\":\"Us\u0142ugi doradcze i outsourcingowe dla Polak\u00f3w w Norwegii\",\"potentialAction\":[{\"@type\":\"SearchAction\",\"target\":{\"@type\":\"EntryPoint\",\"urlTemplate\":\"https:\/\/norekspert.no\/?s={search_term_string}\"},\"query-input\":{\"@type\":\"PropertyValueSpecification\",\"valueRequired\":true,\"valueName\":\"search_term_string\"}}],\"inLanguage\":\"pl-PL\"}]}<\/script>\n<!-- \/ Yoast SEO plugin. -->","yoast_head_json":{"title":"Emerytura w Norwegii | NAV, AFP, OTP | NorEkspert","description":"Profesjonalne wsparcie w uzyskaniu emerytury w Norwegii. Analizy emerytalne, wnioski o NAV, AFP i OTP. 14 lat do\u015bwiadczenia. Napisz do nas!","robots":{"index":"index","follow":"follow","max-snippet":"max-snippet:-1","max-image-preview":"max-image-preview:large","max-video-preview":"max-video-preview:-1"},"canonical":"https:\/\/norekspert.no\/pl\/emerytury\/","og_locale":"pl_PL","og_type":"article","og_title":"Emerytura z NAV, AFP i OTP - kompleksowe wsparcie dla Polak\u00f3w","og_description":"Planujesz emerytur\u0119 w Norwegii? Pomo\u017cemy Ci:\u2705 Przeprowadzi\u0107 analiz\u0119 emerytaln\u0105 \u2705 Z\u0142o\u017cy\u0107 wniosek o emerytur\u0119 z NAV \u2705 Uzyska\u0107 dodatkowe \u015bwiadczenia AFP i OTP \u2705 Wybra\u0107 najlepszy moment przej\u015bcia na emerytur\u0119 | 14 lat do\u015bwiadczenia | Norweskoj\u0119zyczni eksperci | Kompleksowa obs\u0142uga | Zadbaj o swoj\u0105 przysz\u0142o\u015b\u0107 finansow\u0105 ju\u017c dzi\u015b! Skontaktuj si\u0119 z nami: info@norekspert.no","og_url":"https:\/\/norekspert.no\/pl\/emerytury\/","og_site_name":"NorEkspert - Jeste\u015bmy Twoj\u0105 przewag\u0105 w Norwegii","article_modified_time":"2026-01-07T11:42:53+00:00","og_image":[{"width":1200,"height":630,"url":"https:\/\/norekspert.no\/wp-content\/uploads\/2025\/11\/emerytury-1.webp","type":"image\/webp"}],"twitter_card":"summary_large_image","twitter_misc":{"Szacowany czas czytania":"1 minuta"},"schema":{"@context":"https:\/\/schema.org","@graph":[{"@type":"WebPage","@id":"https:\/\/norekspert.no\/pl\/emerytury\/","url":"https:\/\/norekspert.no\/pl\/emerytury\/","name":"Emerytura w Norwegii | NAV, AFP, OTP | NorEkspert","isPartOf":{"@id":"https:\/\/norekspert.no\/#website"},"primaryImageOfPage":{"@id":"https:\/\/norekspert.no\/pl\/emerytury\/#primaryimage"},"image":{"@id":"https:\/\/norekspert.no\/pl\/emerytury\/#primaryimage"},"thumbnailUrl":"https:\/\/norekspert.no\/wp-content\/uploads\/2025\/11\/emerytury.webp","datePublished":"2024-12-24T08:26:36+00:00","dateModified":"2026-01-07T11:42:53+00:00","description":"Profesjonalne wsparcie w uzyskaniu emerytury w Norwegii. Analizy emerytalne, wnioski o NAV, AFP i OTP. 14 lat do\u015bwiadczenia. Napisz do nas!","breadcrumb":{"@id":"https:\/\/norekspert.no\/pl\/emerytury\/#breadcrumb"},"inLanguage":"pl-PL","potentialAction":[{"@type":"ReadAction","target":["https:\/\/norekspert.no\/pl\/emerytury\/"]}]},{"@type":"ImageObject","inLanguage":"pl-PL","@id":"https:\/\/norekspert.no\/pl\/emerytury\/#primaryimage","url":"https:\/\/norekspert.no\/wp-content\/uploads\/2025\/11\/emerytury.webp","contentUrl":"https:\/\/norekspert.no\/wp-content\/uploads\/2025\/11\/emerytury.webp","width":1920,"height":1080,"caption":"Emerytury w Norwegii | NorEkspert"},{"@type":"BreadcrumbList","@id":"https:\/\/norekspert.no\/pl\/emerytury\/#breadcrumb","itemListElement":[{"@type":"ListItem","position":1,"name":"Strona g\u0142\u00f3wna","item":"https:\/\/norekspert.no\/pl\/"},{"@type":"ListItem","position":2,"name":"Emerytury"}]},{"@type":"WebSite","@id":"https:\/\/norekspert.no\/#website","url":"https:\/\/norekspert.no\/","name":"NorEkspert - Jeste\u015bmy Twoj\u0105 przewag\u0105 w Norwegii","description":"Us\u0142ugi doradcze i outsourcingowe dla Polak\u00f3w w Norwegii","potentialAction":[{"@type":"SearchAction","target":{"@type":"EntryPoint","urlTemplate":"https:\/\/norekspert.no\/?s={search_term_string}"},"query-input":{"@type":"PropertyValueSpecification","valueRequired":true,"valueName":"search_term_string"}}],"inLanguage":"pl-PL"}]}},"_links":{"self":[{"href":"https:\/\/norekspert.no\/pl\/wp-json\/wp\/v2\/pages\/1146","targetHints":{"allow":["GET"]}}],"collection":[{"href":"https:\/\/norekspert.no\/pl\/wp-json\/wp\/v2\/pages"}],"about":[{"href":"https:\/\/norekspert.no\/pl\/wp-json\/wp\/v2\/types\/page"}],"author":[{"embeddable":true,"href":"https:\/\/norekspert.no\/pl\/wp-json\/wp\/v2\/users\/5"}],"replies":[{"embeddable":true,"href":"https:\/\/norekspert.no\/pl\/wp-json\/wp\/v2\/comments?post=1146"}],"version-history":[{"count":19,"href":"https:\/\/norekspert.no\/pl\/wp-json\/wp\/v2\/pages\/1146\/revisions"}],"predecessor-version":[{"id":6026,"href":"https:\/\/norekspert.no\/pl\/wp-json\/wp\/v2\/pages\/1146\/revisions\/6026"}],"wp:featuredmedia":[{"embeddable":true,"href":"https:\/\/norekspert.no\/pl\/wp-json\/wp\/v2\/media\/4790"}],"wp:attachment":[{"href":"https:\/\/norekspert.no\/pl\/wp-json\/wp\/v2\/media?parent=1146"}],"curies":[{"name":"wp","href":"https:\/\/api.w.org\/{rel}","templated":true}]}}