{"id":1154,"date":"2024-12-24T09:27:31","date_gmt":"2024-12-24T08:27:31","guid":{"rendered":"https:\/\/norekspert.no\/?page_id=1154"},"modified":"2026-01-07T10:20:27","modified_gmt":"2026-01-07T09:20:27","slug":"analiza-emerytalna","status":"publish","type":"page","link":"https:\/\/norekspert.no\/pl\/analiza-emerytalna\/","title":{"rendered":"Analiza emerytalna"},"content":{"rendered":"","protected":false},"excerpt":{"rendered":"","protected":false},"author":7,"featured_media":3557,"parent":0,"menu_order":0,"comment_status":"closed","ping_status":"closed","template":"","meta":{"_acf_changed":false,"inline_featured_image":false,"footnotes":""},"class_list":["post-1154","page","type-page","status-publish","has-post-thumbnail","hentry"],"acf":[],"yoast_head":"<!-- This site is optimized with the Yoast SEO plugin v25.8 - https:\/\/yoast.com\/wordpress\/plugins\/seo\/ -->\n<title>Analiza emerytalna w Norwegii | NorEkspert<\/title>\n<meta name=\"description\" content=\"Skorzystaj z analizy emerytalnej i zaplanuj rzetelnie emerytur\u0119 w Norwegii dzi\u0119ki zaleceniom ekspert\u00f3w.\" \/>\n<meta name=\"robots\" content=\"index, follow, max-snippet:-1, max-image-preview:large, max-video-preview:-1\" \/>\n<link rel=\"canonical\" href=\"https:\/\/norekspert.no\/pl\/analiza-emerytalna\/\" \/>\n<meta property=\"og:locale\" content=\"pl_PL\" \/>\n<meta property=\"og:type\" content=\"article\" \/>\n<meta property=\"og:title\" content=\"Analiza emerytalna w Norwegii | NorEkspert\" \/>\n<meta property=\"og:description\" content=\"Skorzystaj z analizy emerytalnej i zaplanuj rzetelnie emerytur\u0119 w Norwegii dzi\u0119ki zaleceniom ekspert\u00f3w.\" \/>\n<meta property=\"og:url\" content=\"https:\/\/norekspert.no\/pl\/analiza-emerytalna\/\" \/>\n<meta property=\"og:site_name\" content=\"NorEkspert - Jeste\u015bmy Twoj\u0105 przewag\u0105 w Norwegii\" \/>\n<meta property=\"article:modified_time\" content=\"2026-01-07T09:20:27+00:00\" \/>\n<meta property=\"og:image\" content=\"https:\/\/norekspert.no\/wp-content\/uploads\/2025\/04\/analiza-emerytalna-1.jpg\" \/>\n\t<meta property=\"og:image:width\" content=\"1200\" \/>\n\t<meta property=\"og:image:height\" content=\"630\" \/>\n\t<meta property=\"og:image:type\" content=\"image\/jpeg\" \/>\n<meta name=\"twitter:card\" content=\"summary_large_image\" \/>\n<meta name=\"twitter:label1\" content=\"Szacowany czas czytania\" \/>\n\t<meta name=\"twitter:data1\" content=\"1 minuta\" \/>\n<script type=\"application\/ld+json\" class=\"yoast-schema-graph\">{\"@context\":\"https:\/\/schema.org\",\"@graph\":[{\"@type\":\"WebPage\",\"@id\":\"https:\/\/norekspert.no\/pl\/analiza-emerytalna\/\",\"url\":\"https:\/\/norekspert.no\/pl\/analiza-emerytalna\/\",\"name\":\"Analiza emerytalna w Norwegii | NorEkspert\",\"isPartOf\":{\"@id\":\"https:\/\/norekspert.no\/#website\"},\"primaryImageOfPage\":{\"@id\":\"https:\/\/norekspert.no\/pl\/analiza-emerytalna\/#primaryimage\"},\"image\":{\"@id\":\"https:\/\/norekspert.no\/pl\/analiza-emerytalna\/#primaryimage\"},\"thumbnailUrl\":\"https:\/\/norekspert.no\/wp-content\/uploads\/2025\/04\/analiza-emerytalna.webp\",\"datePublished\":\"2024-12-24T08:27:31+00:00\",\"dateModified\":\"2026-01-07T09:20:27+00:00\",\"description\":\"Skorzystaj z analizy emerytalnej i zaplanuj rzetelnie emerytur\u0119 w Norwegii dzi\u0119ki zaleceniom ekspert\u00f3w.\",\"breadcrumb\":{\"@id\":\"https:\/\/norekspert.no\/pl\/analiza-emerytalna\/#breadcrumb\"},\"inLanguage\":\"pl-PL\",\"potentialAction\":[{\"@type\":\"ReadAction\",\"target\":[\"https:\/\/norekspert.no\/pl\/analiza-emerytalna\/\"]}]},{\"@type\":\"ImageObject\",\"inLanguage\":\"pl-PL\",\"@id\":\"https:\/\/norekspert.no\/pl\/analiza-emerytalna\/#primaryimage\",\"url\":\"https:\/\/norekspert.no\/wp-content\/uploads\/2025\/04\/analiza-emerytalna.webp\",\"contentUrl\":\"https:\/\/norekspert.no\/wp-content\/uploads\/2025\/04\/analiza-emerytalna.webp\",\"width\":1920,\"height\":1080,\"caption\":\"Analiza emerytalna | NorEkspert\"},{\"@type\":\"BreadcrumbList\",\"@id\":\"https:\/\/norekspert.no\/pl\/analiza-emerytalna\/#breadcrumb\",\"itemListElement\":[{\"@type\":\"ListItem\",\"position\":1,\"name\":\"Strona g\u0142\u00f3wna\",\"item\":\"https:\/\/norekspert.no\/pl\/\"},{\"@type\":\"ListItem\",\"position\":2,\"name\":\"Analiza emerytalna\"}]},{\"@type\":\"WebSite\",\"@id\":\"https:\/\/norekspert.no\/#website\",\"url\":\"https:\/\/norekspert.no\/\",\"name\":\"NorEkspert - Jeste\u015bmy Twoj\u0105 przewag\u0105 w Norwegii\",\"description\":\"Us\u0142ugi doradcze i outsourcingowe dla Polak\u00f3w w Norwegii\",\"potentialAction\":[{\"@type\":\"SearchAction\",\"target\":{\"@type\":\"EntryPoint\",\"urlTemplate\":\"https:\/\/norekspert.no\/?s={search_term_string}\"},\"query-input\":{\"@type\":\"PropertyValueSpecification\",\"valueRequired\":true,\"valueName\":\"search_term_string\"}}],\"inLanguage\":\"pl-PL\"}]}<\/script>\n<!-- \/ Yoast SEO plugin. -->","yoast_head_json":{"title":"Analiza emerytalna w Norwegii | NorEkspert","description":"Skorzystaj z analizy emerytalnej i zaplanuj rzetelnie emerytur\u0119 w Norwegii dzi\u0119ki zaleceniom ekspert\u00f3w.","robots":{"index":"index","follow":"follow","max-snippet":"max-snippet:-1","max-image-preview":"max-image-preview:large","max-video-preview":"max-video-preview:-1"},"canonical":"https:\/\/norekspert.no\/pl\/analiza-emerytalna\/","og_locale":"pl_PL","og_type":"article","og_title":"Analiza emerytalna w Norwegii | NorEkspert","og_description":"Skorzystaj z analizy emerytalnej i zaplanuj rzetelnie emerytur\u0119 w Norwegii dzi\u0119ki zaleceniom ekspert\u00f3w.","og_url":"https:\/\/norekspert.no\/pl\/analiza-emerytalna\/","og_site_name":"NorEkspert - Jeste\u015bmy Twoj\u0105 przewag\u0105 w Norwegii","article_modified_time":"2026-01-07T09:20:27+00:00","og_image":[{"width":1200,"height":630,"url":"https:\/\/norekspert.no\/wp-content\/uploads\/2025\/04\/analiza-emerytalna-1.jpg","type":"image\/jpeg"}],"twitter_card":"summary_large_image","twitter_misc":{"Szacowany czas czytania":"1 minuta"},"schema":{"@context":"https:\/\/schema.org","@graph":[{"@type":"WebPage","@id":"https:\/\/norekspert.no\/pl\/analiza-emerytalna\/","url":"https:\/\/norekspert.no\/pl\/analiza-emerytalna\/","name":"Analiza emerytalna w Norwegii | NorEkspert","isPartOf":{"@id":"https:\/\/norekspert.no\/#website"},"primaryImageOfPage":{"@id":"https:\/\/norekspert.no\/pl\/analiza-emerytalna\/#primaryimage"},"image":{"@id":"https:\/\/norekspert.no\/pl\/analiza-emerytalna\/#primaryimage"},"thumbnailUrl":"https:\/\/norekspert.no\/wp-content\/uploads\/2025\/04\/analiza-emerytalna.webp","datePublished":"2024-12-24T08:27:31+00:00","dateModified":"2026-01-07T09:20:27+00:00","description":"Skorzystaj z analizy emerytalnej i zaplanuj rzetelnie emerytur\u0119 w Norwegii dzi\u0119ki zaleceniom ekspert\u00f3w.","breadcrumb":{"@id":"https:\/\/norekspert.no\/pl\/analiza-emerytalna\/#breadcrumb"},"inLanguage":"pl-PL","potentialAction":[{"@type":"ReadAction","target":["https:\/\/norekspert.no\/pl\/analiza-emerytalna\/"]}]},{"@type":"ImageObject","inLanguage":"pl-PL","@id":"https:\/\/norekspert.no\/pl\/analiza-emerytalna\/#primaryimage","url":"https:\/\/norekspert.no\/wp-content\/uploads\/2025\/04\/analiza-emerytalna.webp","contentUrl":"https:\/\/norekspert.no\/wp-content\/uploads\/2025\/04\/analiza-emerytalna.webp","width":1920,"height":1080,"caption":"Analiza emerytalna | NorEkspert"},{"@type":"BreadcrumbList","@id":"https:\/\/norekspert.no\/pl\/analiza-emerytalna\/#breadcrumb","itemListElement":[{"@type":"ListItem","position":1,"name":"Strona g\u0142\u00f3wna","item":"https:\/\/norekspert.no\/pl\/"},{"@type":"ListItem","position":2,"name":"Analiza emerytalna"}]},{"@type":"WebSite","@id":"https:\/\/norekspert.no\/#website","url":"https:\/\/norekspert.no\/","name":"NorEkspert - Jeste\u015bmy Twoj\u0105 przewag\u0105 w Norwegii","description":"Us\u0142ugi doradcze i outsourcingowe dla Polak\u00f3w w Norwegii","potentialAction":[{"@type":"SearchAction","target":{"@type":"EntryPoint","urlTemplate":"https:\/\/norekspert.no\/?s={search_term_string}"},"query-input":{"@type":"PropertyValueSpecification","valueRequired":true,"valueName":"search_term_string"}}],"inLanguage":"pl-PL"}]}},"_links":{"self":[{"href":"https:\/\/norekspert.no\/pl\/wp-json\/wp\/v2\/pages\/1154","targetHints":{"allow":["GET"]}}],"collection":[{"href":"https:\/\/norekspert.no\/pl\/wp-json\/wp\/v2\/pages"}],"about":[{"href":"https:\/\/norekspert.no\/pl\/wp-json\/wp\/v2\/types\/page"}],"author":[{"embeddable":true,"href":"https:\/\/norekspert.no\/pl\/wp-json\/wp\/v2\/users\/7"}],"replies":[{"embeddable":true,"href":"https:\/\/norekspert.no\/pl\/wp-json\/wp\/v2\/comments?post=1154"}],"version-history":[{"count":22,"href":"https:\/\/norekspert.no\/pl\/wp-json\/wp\/v2\/pages\/1154\/revisions"}],"predecessor-version":[{"id":6001,"href":"https:\/\/norekspert.no\/pl\/wp-json\/wp\/v2\/pages\/1154\/revisions\/6001"}],"wp:featuredmedia":[{"embeddable":true,"href":"https:\/\/norekspert.no\/pl\/wp-json\/wp\/v2\/media\/3557"}],"wp:attachment":[{"href":"https:\/\/norekspert.no\/pl\/wp-json\/wp\/v2\/media?parent=1154"}],"curies":[{"name":"wp","href":"https:\/\/api.w.org\/{rel}","templated":true}]}}