{"id":1156,"date":"2024-12-24T09:27:39","date_gmt":"2024-12-24T08:27:39","guid":{"rendered":"https:\/\/norekspert.no\/?page_id=1156"},"modified":"2026-01-07T12:45:30","modified_gmt":"2026-01-07T11:45:30","slug":"formalnosci","status":"publish","type":"page","link":"https:\/\/norekspert.no\/pl\/formalnosci\/","title":{"rendered":"Formalno\u015bci"},"content":{"rendered":"","protected":false},"excerpt":{"rendered":"","protected":false},"author":5,"featured_media":4800,"parent":0,"menu_order":0,"comment_status":"closed","ping_status":"closed","template":"","meta":{"_acf_changed":false,"inline_featured_image":false,"footnotes":""},"class_list":["post-1156","page","type-page","status-publish","has-post-thumbnail","hentry"],"acf":[],"yoast_head":"<!-- This site is optimized with the Yoast SEO plugin v25.8 - https:\/\/yoast.com\/wordpress\/plugins\/seo\/ -->\n<title>Formalno\u015bci w Norwegii | S1, EKUZ i inne | NorEkspert<\/title>\n<meta name=\"description\" content=\"Profesjonalna pomoc w za\u0142atwianiu formalno\u015bci w Norwegii: S1, EKUZ, odwo\u0142ania NAV, fundusz gwarancyjny. 14 lat do\u015bwiadczenia. Sprawd\u017a ofert\u0119!\" \/>\n<meta name=\"robots\" content=\"index, follow, max-snippet:-1, max-image-preview:large, max-video-preview:-1\" \/>\n<link rel=\"canonical\" href=\"https:\/\/norekspert.no\/pl\/formalnosci\/\" \/>\n<meta property=\"og:locale\" content=\"pl_PL\" \/>\n<meta property=\"og:type\" content=\"article\" \/>\n<meta property=\"og:title\" content=\"Formalno\u015bci w Norwegii? Za\u0142atwimy je za Ciebie!\" \/>\n<meta property=\"og:description\" content=\"Formalno\u015bci w Norwegii mog\u0105 by\u0107 przyt\u0142aczaj\u0105ce ?Ale nie musz\u0105! Pomo\u017cemy Ci w ka\u017cdej sprawie: \u2705 Druk S1 - bezp\u0142atne leczenie w Polsce przez NFZ \u2705 Karta EKUZ - opieka medyczna w ca\u0142ym EOG \u2705 Druk A1 - potwierdzenie ubezpieczenia spo\u0142ecznego \u2705 Odwo\u0142ania od decyzji NAV - skuteczna reprezentacja \u2705 Fundusz gwarancyjny - odzyskanie pensji od upad\u0142ego pracodawcy \u2705 Wypadki w pracy i inne formalno\u015bci | 14 lat do\u015bwiadczenia | Norweskoj\u0119zyczni eksperci | Kompleksowa obs\u0142uga | ? +48 58 535 93 43 | ? info@norekspert.no\" \/>\n<meta property=\"og:url\" content=\"https:\/\/norekspert.no\/pl\/formalnosci\/\" \/>\n<meta property=\"og:site_name\" content=\"NorEkspert - Jeste\u015bmy Twoj\u0105 przewag\u0105 w Norwegii\" \/>\n<meta property=\"article:modified_time\" content=\"2026-01-07T11:45:30+00:00\" \/>\n<meta property=\"og:image\" content=\"https:\/\/norekspert.no\/wp-content\/uploads\/2025\/11\/formalnosci-1.webp\" \/>\n\t<meta property=\"og:image:width\" content=\"1200\" \/>\n\t<meta property=\"og:image:height\" content=\"630\" \/>\n\t<meta property=\"og:image:type\" content=\"image\/webp\" \/>\n<meta name=\"twitter:card\" content=\"summary_large_image\" \/>\n<meta name=\"twitter:label1\" content=\"Szacowany czas czytania\" \/>\n\t<meta name=\"twitter:data1\" content=\"1 minuta\" \/>\n<script type=\"application\/ld+json\" class=\"yoast-schema-graph\">{\"@context\":\"https:\/\/schema.org\",\"@graph\":[{\"@type\":\"WebPage\",\"@id\":\"https:\/\/norekspert.no\/pl\/formalnosci\/\",\"url\":\"https:\/\/norekspert.no\/pl\/formalnosci\/\",\"name\":\"Formalno\u015bci w Norwegii | S1, EKUZ i inne | NorEkspert\",\"isPartOf\":{\"@id\":\"https:\/\/norekspert.no\/#website\"},\"primaryImageOfPage\":{\"@id\":\"https:\/\/norekspert.no\/pl\/formalnosci\/#primaryimage\"},\"image\":{\"@id\":\"https:\/\/norekspert.no\/pl\/formalnosci\/#primaryimage\"},\"thumbnailUrl\":\"https:\/\/norekspert.no\/wp-content\/uploads\/2025\/11\/formalnosci.webp\",\"datePublished\":\"2024-12-24T08:27:39+00:00\",\"dateModified\":\"2026-01-07T11:45:30+00:00\",\"description\":\"Profesjonalna pomoc w za\u0142atwianiu formalno\u015bci w Norwegii: S1, EKUZ, odwo\u0142ania NAV, fundusz gwarancyjny. 14 lat do\u015bwiadczenia. Sprawd\u017a ofert\u0119!\",\"breadcrumb\":{\"@id\":\"https:\/\/norekspert.no\/pl\/formalnosci\/#breadcrumb\"},\"inLanguage\":\"pl-PL\",\"potentialAction\":[{\"@type\":\"ReadAction\",\"target\":[\"https:\/\/norekspert.no\/pl\/formalnosci\/\"]}]},{\"@type\":\"ImageObject\",\"inLanguage\":\"pl-PL\",\"@id\":\"https:\/\/norekspert.no\/pl\/formalnosci\/#primaryimage\",\"url\":\"https:\/\/norekspert.no\/wp-content\/uploads\/2025\/11\/formalnosci.webp\",\"contentUrl\":\"https:\/\/norekspert.no\/wp-content\/uploads\/2025\/11\/formalnosci.webp\",\"width\":1920,\"height\":1080,\"caption\":\"Formalno\u015bci urz\u0119dowe w Norwegii | NorEkspert\"},{\"@type\":\"BreadcrumbList\",\"@id\":\"https:\/\/norekspert.no\/pl\/formalnosci\/#breadcrumb\",\"itemListElement\":[{\"@type\":\"ListItem\",\"position\":1,\"name\":\"Strona g\u0142\u00f3wna\",\"item\":\"https:\/\/norekspert.no\/pl\/\"},{\"@type\":\"ListItem\",\"position\":2,\"name\":\"Formalno\u015bci\"}]},{\"@type\":\"WebSite\",\"@id\":\"https:\/\/norekspert.no\/#website\",\"url\":\"https:\/\/norekspert.no\/\",\"name\":\"NorEkspert - Jeste\u015bmy Twoj\u0105 przewag\u0105 w Norwegii\",\"description\":\"Us\u0142ugi doradcze i outsourcingowe dla Polak\u00f3w w Norwegii\",\"potentialAction\":[{\"@type\":\"SearchAction\",\"target\":{\"@type\":\"EntryPoint\",\"urlTemplate\":\"https:\/\/norekspert.no\/?s={search_term_string}\"},\"query-input\":{\"@type\":\"PropertyValueSpecification\",\"valueRequired\":true,\"valueName\":\"search_term_string\"}}],\"inLanguage\":\"pl-PL\"}]}<\/script>\n<!-- \/ Yoast SEO plugin. -->","yoast_head_json":{"title":"Formalno\u015bci w Norwegii | S1, EKUZ i inne | NorEkspert","description":"Profesjonalna pomoc w za\u0142atwianiu formalno\u015bci w Norwegii: S1, EKUZ, odwo\u0142ania NAV, fundusz gwarancyjny. 14 lat do\u015bwiadczenia. Sprawd\u017a ofert\u0119!","robots":{"index":"index","follow":"follow","max-snippet":"max-snippet:-1","max-image-preview":"max-image-preview:large","max-video-preview":"max-video-preview:-1"},"canonical":"https:\/\/norekspert.no\/pl\/formalnosci\/","og_locale":"pl_PL","og_type":"article","og_title":"Formalno\u015bci w Norwegii? Za\u0142atwimy je za Ciebie!","og_description":"Formalno\u015bci w Norwegii mog\u0105 by\u0107 przyt\u0142aczaj\u0105ce ?Ale nie musz\u0105! Pomo\u017cemy Ci w ka\u017cdej sprawie: \u2705 Druk S1 - bezp\u0142atne leczenie w Polsce przez NFZ \u2705 Karta EKUZ - opieka medyczna w ca\u0142ym EOG \u2705 Druk A1 - potwierdzenie ubezpieczenia spo\u0142ecznego \u2705 Odwo\u0142ania od decyzji NAV - skuteczna reprezentacja \u2705 Fundusz gwarancyjny - odzyskanie pensji od upad\u0142ego pracodawcy \u2705 Wypadki w pracy i inne formalno\u015bci | 14 lat do\u015bwiadczenia | Norweskoj\u0119zyczni eksperci | Kompleksowa obs\u0142uga | ? +48 58 535 93 43 | ? info@norekspert.no","og_url":"https:\/\/norekspert.no\/pl\/formalnosci\/","og_site_name":"NorEkspert - Jeste\u015bmy Twoj\u0105 przewag\u0105 w Norwegii","article_modified_time":"2026-01-07T11:45:30+00:00","og_image":[{"width":1200,"height":630,"url":"https:\/\/norekspert.no\/wp-content\/uploads\/2025\/11\/formalnosci-1.webp","type":"image\/webp"}],"twitter_card":"summary_large_image","twitter_misc":{"Szacowany czas czytania":"1 minuta"},"schema":{"@context":"https:\/\/schema.org","@graph":[{"@type":"WebPage","@id":"https:\/\/norekspert.no\/pl\/formalnosci\/","url":"https:\/\/norekspert.no\/pl\/formalnosci\/","name":"Formalno\u015bci w Norwegii | S1, EKUZ i inne | NorEkspert","isPartOf":{"@id":"https:\/\/norekspert.no\/#website"},"primaryImageOfPage":{"@id":"https:\/\/norekspert.no\/pl\/formalnosci\/#primaryimage"},"image":{"@id":"https:\/\/norekspert.no\/pl\/formalnosci\/#primaryimage"},"thumbnailUrl":"https:\/\/norekspert.no\/wp-content\/uploads\/2025\/11\/formalnosci.webp","datePublished":"2024-12-24T08:27:39+00:00","dateModified":"2026-01-07T11:45:30+00:00","description":"Profesjonalna pomoc w za\u0142atwianiu formalno\u015bci w Norwegii: S1, EKUZ, odwo\u0142ania NAV, fundusz gwarancyjny. 14 lat do\u015bwiadczenia. Sprawd\u017a ofert\u0119!","breadcrumb":{"@id":"https:\/\/norekspert.no\/pl\/formalnosci\/#breadcrumb"},"inLanguage":"pl-PL","potentialAction":[{"@type":"ReadAction","target":["https:\/\/norekspert.no\/pl\/formalnosci\/"]}]},{"@type":"ImageObject","inLanguage":"pl-PL","@id":"https:\/\/norekspert.no\/pl\/formalnosci\/#primaryimage","url":"https:\/\/norekspert.no\/wp-content\/uploads\/2025\/11\/formalnosci.webp","contentUrl":"https:\/\/norekspert.no\/wp-content\/uploads\/2025\/11\/formalnosci.webp","width":1920,"height":1080,"caption":"Formalno\u015bci urz\u0119dowe w Norwegii | NorEkspert"},{"@type":"BreadcrumbList","@id":"https:\/\/norekspert.no\/pl\/formalnosci\/#breadcrumb","itemListElement":[{"@type":"ListItem","position":1,"name":"Strona g\u0142\u00f3wna","item":"https:\/\/norekspert.no\/pl\/"},{"@type":"ListItem","position":2,"name":"Formalno\u015bci"}]},{"@type":"WebSite","@id":"https:\/\/norekspert.no\/#website","url":"https:\/\/norekspert.no\/","name":"NorEkspert - Jeste\u015bmy Twoj\u0105 przewag\u0105 w Norwegii","description":"Us\u0142ugi doradcze i outsourcingowe dla Polak\u00f3w w Norwegii","potentialAction":[{"@type":"SearchAction","target":{"@type":"EntryPoint","urlTemplate":"https:\/\/norekspert.no\/?s={search_term_string}"},"query-input":{"@type":"PropertyValueSpecification","valueRequired":true,"valueName":"search_term_string"}}],"inLanguage":"pl-PL"}]}},"_links":{"self":[{"href":"https:\/\/norekspert.no\/pl\/wp-json\/wp\/v2\/pages\/1156","targetHints":{"allow":["GET"]}}],"collection":[{"href":"https:\/\/norekspert.no\/pl\/wp-json\/wp\/v2\/pages"}],"about":[{"href":"https:\/\/norekspert.no\/pl\/wp-json\/wp\/v2\/types\/page"}],"author":[{"embeddable":true,"href":"https:\/\/norekspert.no\/pl\/wp-json\/wp\/v2\/users\/5"}],"replies":[{"embeddable":true,"href":"https:\/\/norekspert.no\/pl\/wp-json\/wp\/v2\/comments?post=1156"}],"version-history":[{"count":20,"href":"https:\/\/norekspert.no\/pl\/wp-json\/wp\/v2\/pages\/1156\/revisions"}],"predecessor-version":[{"id":6028,"href":"https:\/\/norekspert.no\/pl\/wp-json\/wp\/v2\/pages\/1156\/revisions\/6028"}],"wp:featuredmedia":[{"embeddable":true,"href":"https:\/\/norekspert.no\/pl\/wp-json\/wp\/v2\/media\/4800"}],"wp:attachment":[{"href":"https:\/\/norekspert.no\/pl\/wp-json\/wp\/v2\/media?parent=1156"}],"curies":[{"name":"wp","href":"https:\/\/api.w.org\/{rel}","templated":true}]}}