{"id":1160,"date":"2024-12-24T09:27:55","date_gmt":"2024-12-24T08:27:55","guid":{"rendered":"https:\/\/norekspert.no\/?page_id=1160"},"modified":"2026-02-17T12:20:07","modified_gmt":"2026-02-17T11:20:07","slug":"ekuz","status":"publish","type":"page","link":"https:\/\/norekspert.no\/pl\/ekuz\/","title":{"rendered":"EKUZ"},"content":{"rendered":"","protected":false},"excerpt":{"rendered":"","protected":false},"author":8,"featured_media":3482,"parent":0,"menu_order":0,"comment_status":"closed","ping_status":"closed","template":"","meta":{"_acf_changed":false,"inline_featured_image":false,"footnotes":""},"class_list":["post-1160","page","type-page","status-publish","has-post-thumbnail","hentry"],"acf":[],"yoast_head":"<!-- This site is optimized with the Yoast SEO plugin v25.8 - https:\/\/yoast.com\/wordpress\/plugins\/seo\/ -->\n<title>EKUZ w Norwegii | NorEkspert<\/title>\n<meta name=\"description\" content=\"Z\u0142\u00f3\u017c wniosek o EKUZ z Norwegii z nasz\u0105 pomoc\u0105 i korzystaj z bezp\u0142atnej opieki medycznej podczas pobytu za granic\u0105.\" \/>\n<meta name=\"robots\" content=\"index, follow, max-snippet:-1, max-image-preview:large, max-video-preview:-1\" \/>\n<link rel=\"canonical\" href=\"https:\/\/norekspert.no\/pl\/ekuz\/\" \/>\n<meta property=\"og:locale\" content=\"pl_PL\" \/>\n<meta property=\"og:type\" content=\"article\" \/>\n<meta property=\"og:title\" content=\"EKUZ w Norwegii | NorEkspert\" \/>\n<meta property=\"og:description\" content=\"Z\u0142\u00f3\u017c wniosek o EKUZ z Norwegii z nasz\u0105 pomoc\u0105 i korzystaj z bezp\u0142atnej opieki medycznej podczas pobytu za granic\u0105.\" \/>\n<meta property=\"og:url\" content=\"https:\/\/norekspert.no\/pl\/ekuz\/\" \/>\n<meta property=\"og:site_name\" content=\"NorEkspert - Jeste\u015bmy Twoj\u0105 przewag\u0105 w Norwegii\" \/>\n<meta property=\"article:modified_time\" content=\"2026-02-17T11:20:07+00:00\" \/>\n<meta property=\"og:image\" content=\"https:\/\/norekspert.no\/wp-content\/uploads\/2025\/04\/odzyskiwanie-naleznosci.png\" \/>\n\t<meta property=\"og:image:width\" content=\"1200\" \/>\n\t<meta property=\"og:image:height\" content=\"630\" \/>\n\t<meta property=\"og:image:type\" content=\"image\/png\" \/>\n<meta name=\"twitter:card\" content=\"summary_large_image\" \/>\n<meta name=\"twitter:label1\" content=\"Szacowany czas czytania\" \/>\n\t<meta name=\"twitter:data1\" content=\"1 minuta\" \/>\n<script type=\"application\/ld+json\" class=\"yoast-schema-graph\">{\"@context\":\"https:\/\/schema.org\",\"@graph\":[{\"@type\":\"WebPage\",\"@id\":\"https:\/\/norekspert.no\/pl\/ekuz\/\",\"url\":\"https:\/\/norekspert.no\/pl\/ekuz\/\",\"name\":\"EKUZ w Norwegii | NorEkspert\",\"isPartOf\":{\"@id\":\"https:\/\/norekspert.no\/#website\"},\"primaryImageOfPage\":{\"@id\":\"https:\/\/norekspert.no\/pl\/ekuz\/#primaryimage\"},\"image\":{\"@id\":\"https:\/\/norekspert.no\/pl\/ekuz\/#primaryimage\"},\"thumbnailUrl\":\"https:\/\/norekspert.no\/wp-content\/uploads\/2025\/04\/EKUZ.webp\",\"datePublished\":\"2024-12-24T08:27:55+00:00\",\"dateModified\":\"2026-02-17T11:20:07+00:00\",\"description\":\"Z\u0142\u00f3\u017c wniosek o EKUZ z Norwegii z nasz\u0105 pomoc\u0105 i korzystaj z bezp\u0142atnej opieki medycznej podczas pobytu za granic\u0105.\",\"breadcrumb\":{\"@id\":\"https:\/\/norekspert.no\/pl\/ekuz\/#breadcrumb\"},\"inLanguage\":\"pl-PL\",\"potentialAction\":[{\"@type\":\"ReadAction\",\"target\":[\"https:\/\/norekspert.no\/pl\/ekuz\/\"]}]},{\"@type\":\"ImageObject\",\"inLanguage\":\"pl-PL\",\"@id\":\"https:\/\/norekspert.no\/pl\/ekuz\/#primaryimage\",\"url\":\"https:\/\/norekspert.no\/wp-content\/uploads\/2025\/04\/EKUZ.webp\",\"contentUrl\":\"https:\/\/norekspert.no\/wp-content\/uploads\/2025\/04\/EKUZ.webp\",\"width\":1920,\"height\":1080,\"caption\":\"EKUZ w Norwegii | NorEkspert\"},{\"@type\":\"BreadcrumbList\",\"@id\":\"https:\/\/norekspert.no\/pl\/ekuz\/#breadcrumb\",\"itemListElement\":[{\"@type\":\"ListItem\",\"position\":1,\"name\":\"Strona g\u0142\u00f3wna\",\"item\":\"https:\/\/norekspert.no\/pl\/\"},{\"@type\":\"ListItem\",\"position\":2,\"name\":\"EKUZ\"}]},{\"@type\":\"WebSite\",\"@id\":\"https:\/\/norekspert.no\/#website\",\"url\":\"https:\/\/norekspert.no\/\",\"name\":\"NorEkspert - Jeste\u015bmy Twoj\u0105 przewag\u0105 w Norwegii\",\"description\":\"Us\u0142ugi doradcze i outsourcingowe dla Polak\u00f3w w Norwegii\",\"potentialAction\":[{\"@type\":\"SearchAction\",\"target\":{\"@type\":\"EntryPoint\",\"urlTemplate\":\"https:\/\/norekspert.no\/?s={search_term_string}\"},\"query-input\":{\"@type\":\"PropertyValueSpecification\",\"valueRequired\":true,\"valueName\":\"search_term_string\"}}],\"inLanguage\":\"pl-PL\"}]}<\/script>\n<!-- \/ Yoast SEO plugin. -->","yoast_head_json":{"title":"EKUZ w Norwegii | NorEkspert","description":"Z\u0142\u00f3\u017c wniosek o EKUZ z Norwegii z nasz\u0105 pomoc\u0105 i korzystaj z bezp\u0142atnej opieki medycznej podczas pobytu za granic\u0105.","robots":{"index":"index","follow":"follow","max-snippet":"max-snippet:-1","max-image-preview":"max-image-preview:large","max-video-preview":"max-video-preview:-1"},"canonical":"https:\/\/norekspert.no\/pl\/ekuz\/","og_locale":"pl_PL","og_type":"article","og_title":"EKUZ w Norwegii | NorEkspert","og_description":"Z\u0142\u00f3\u017c wniosek o EKUZ z Norwegii z nasz\u0105 pomoc\u0105 i korzystaj z bezp\u0142atnej opieki medycznej podczas pobytu za granic\u0105.","og_url":"https:\/\/norekspert.no\/pl\/ekuz\/","og_site_name":"NorEkspert - Jeste\u015bmy Twoj\u0105 przewag\u0105 w Norwegii","article_modified_time":"2026-02-17T11:20:07+00:00","og_image":[{"width":1200,"height":630,"url":"https:\/\/norekspert.no\/wp-content\/uploads\/2025\/04\/odzyskiwanie-naleznosci.png","type":"image\/png"}],"twitter_card":"summary_large_image","twitter_misc":{"Szacowany czas czytania":"1 minuta"},"schema":{"@context":"https:\/\/schema.org","@graph":[{"@type":"WebPage","@id":"https:\/\/norekspert.no\/pl\/ekuz\/","url":"https:\/\/norekspert.no\/pl\/ekuz\/","name":"EKUZ w Norwegii | NorEkspert","isPartOf":{"@id":"https:\/\/norekspert.no\/#website"},"primaryImageOfPage":{"@id":"https:\/\/norekspert.no\/pl\/ekuz\/#primaryimage"},"image":{"@id":"https:\/\/norekspert.no\/pl\/ekuz\/#primaryimage"},"thumbnailUrl":"https:\/\/norekspert.no\/wp-content\/uploads\/2025\/04\/EKUZ.webp","datePublished":"2024-12-24T08:27:55+00:00","dateModified":"2026-02-17T11:20:07+00:00","description":"Z\u0142\u00f3\u017c wniosek o EKUZ z Norwegii z nasz\u0105 pomoc\u0105 i korzystaj z bezp\u0142atnej opieki medycznej podczas pobytu za granic\u0105.","breadcrumb":{"@id":"https:\/\/norekspert.no\/pl\/ekuz\/#breadcrumb"},"inLanguage":"pl-PL","potentialAction":[{"@type":"ReadAction","target":["https:\/\/norekspert.no\/pl\/ekuz\/"]}]},{"@type":"ImageObject","inLanguage":"pl-PL","@id":"https:\/\/norekspert.no\/pl\/ekuz\/#primaryimage","url":"https:\/\/norekspert.no\/wp-content\/uploads\/2025\/04\/EKUZ.webp","contentUrl":"https:\/\/norekspert.no\/wp-content\/uploads\/2025\/04\/EKUZ.webp","width":1920,"height":1080,"caption":"EKUZ w Norwegii | NorEkspert"},{"@type":"BreadcrumbList","@id":"https:\/\/norekspert.no\/pl\/ekuz\/#breadcrumb","itemListElement":[{"@type":"ListItem","position":1,"name":"Strona g\u0142\u00f3wna","item":"https:\/\/norekspert.no\/pl\/"},{"@type":"ListItem","position":2,"name":"EKUZ"}]},{"@type":"WebSite","@id":"https:\/\/norekspert.no\/#website","url":"https:\/\/norekspert.no\/","name":"NorEkspert - Jeste\u015bmy Twoj\u0105 przewag\u0105 w Norwegii","description":"Us\u0142ugi doradcze i outsourcingowe dla Polak\u00f3w w Norwegii","potentialAction":[{"@type":"SearchAction","target":{"@type":"EntryPoint","urlTemplate":"https:\/\/norekspert.no\/?s={search_term_string}"},"query-input":{"@type":"PropertyValueSpecification","valueRequired":true,"valueName":"search_term_string"}}],"inLanguage":"pl-PL"}]}},"_links":{"self":[{"href":"https:\/\/norekspert.no\/pl\/wp-json\/wp\/v2\/pages\/1160","targetHints":{"allow":["GET"]}}],"collection":[{"href":"https:\/\/norekspert.no\/pl\/wp-json\/wp\/v2\/pages"}],"about":[{"href":"https:\/\/norekspert.no\/pl\/wp-json\/wp\/v2\/types\/page"}],"author":[{"embeddable":true,"href":"https:\/\/norekspert.no\/pl\/wp-json\/wp\/v2\/users\/8"}],"replies":[{"embeddable":true,"href":"https:\/\/norekspert.no\/pl\/wp-json\/wp\/v2\/comments?post=1160"}],"version-history":[{"count":19,"href":"https:\/\/norekspert.no\/pl\/wp-json\/wp\/v2\/pages\/1160\/revisions"}],"predecessor-version":[{"id":6313,"href":"https:\/\/norekspert.no\/pl\/wp-json\/wp\/v2\/pages\/1160\/revisions\/6313"}],"wp:featuredmedia":[{"embeddable":true,"href":"https:\/\/norekspert.no\/pl\/wp-json\/wp\/v2\/media\/3482"}],"wp:attachment":[{"href":"https:\/\/norekspert.no\/pl\/wp-json\/wp\/v2\/media?parent=1160"}],"curies":[{"name":"wp","href":"https:\/\/api.w.org\/{rel}","templated":true}]}}