{"id":1172,"date":"2024-12-24T09:29:30","date_gmt":"2024-12-24T08:29:30","guid":{"rendered":"https:\/\/norekspert.no\/?page_id=1172"},"modified":"2026-01-07T10:46:54","modified_gmt":"2026-01-07T09:46:54","slug":"tlumaczenia-zwykle-norwesko-polskie","status":"publish","type":"page","link":"https:\/\/norekspert.no\/pl\/tlumaczenia-zwykle-norwesko-polskie\/","title":{"rendered":"T\u0142umaczenia zwyk\u0142e"},"content":{"rendered":"","protected":false},"excerpt":{"rendered":"","protected":false},"author":15,"featured_media":3698,"parent":0,"menu_order":0,"comment_status":"closed","ping_status":"closed","template":"","meta":{"_acf_changed":false,"inline_featured_image":false,"footnotes":""},"class_list":["post-1172","page","type-page","status-publish","has-post-thumbnail","hentry"],"acf":[],"yoast_head":"<!-- This site is optimized with the Yoast SEO plugin v25.8 - https:\/\/yoast.com\/wordpress\/plugins\/seo\/ -->\n<title>T\u0142umaczenia zwyk\u0142e norwesko-polskie | NorEkspert<\/title>\n<meta name=\"description\" content=\"Profesjonalne t\u0142umaczenia zwyk\u0142e norwesko-polskie i polsko-norweskie. Zaufaj do\u015bwiadczonym t\u0142umaczom z NorEkspert.\" \/>\n<meta name=\"robots\" content=\"index, follow, max-snippet:-1, max-image-preview:large, max-video-preview:-1\" \/>\n<link rel=\"canonical\" href=\"https:\/\/norekspert.no\/pl\/tlumaczenia-zwykle-norwesko-polskie\/\" \/>\n<meta property=\"og:locale\" content=\"pl_PL\" \/>\n<meta property=\"og:type\" content=\"article\" \/>\n<meta property=\"og:title\" content=\"T\u0142umaczenia zwyk\u0142e norwesko-polskie | NorEkspert\" \/>\n<meta property=\"og:description\" content=\"Profesjonalne t\u0142umaczenia zwyk\u0142e norwesko-polskie i polsko-norweskie. Zaufaj do\u015bwiadczonym t\u0142umaczom z NorEkspert.\" \/>\n<meta property=\"og:url\" content=\"https:\/\/norekspert.no\/pl\/tlumaczenia-zwykle-norwesko-polskie\/\" \/>\n<meta property=\"og:site_name\" content=\"NorEkspert - Jeste\u015bmy Twoj\u0105 przewag\u0105 w Norwegii\" \/>\n<meta property=\"article:modified_time\" content=\"2026-01-07T09:46:54+00:00\" \/>\n<meta property=\"og:image\" content=\"https:\/\/norekspert.no\/wp-content\/uploads\/2025\/05\/tlumaczenia-zwykle.webp\" \/>\n\t<meta property=\"og:image:width\" content=\"1200\" \/>\n\t<meta property=\"og:image:height\" content=\"630\" \/>\n\t<meta property=\"og:image:type\" content=\"image\/webp\" \/>\n<meta name=\"twitter:card\" content=\"summary_large_image\" \/>\n<meta name=\"twitter:label1\" content=\"Szacowany czas czytania\" \/>\n\t<meta name=\"twitter:data1\" content=\"1 minuta\" \/>\n<script type=\"application\/ld+json\" class=\"yoast-schema-graph\">{\"@context\":\"https:\/\/schema.org\",\"@graph\":[{\"@type\":\"WebPage\",\"@id\":\"https:\/\/norekspert.no\/pl\/tlumaczenia-zwykle-norwesko-polskie\/\",\"url\":\"https:\/\/norekspert.no\/pl\/tlumaczenia-zwykle-norwesko-polskie\/\",\"name\":\"T\u0142umaczenia zwyk\u0142e norwesko-polskie | NorEkspert\",\"isPartOf\":{\"@id\":\"https:\/\/norekspert.no\/#website\"},\"primaryImageOfPage\":{\"@id\":\"https:\/\/norekspert.no\/pl\/tlumaczenia-zwykle-norwesko-polskie\/#primaryimage\"},\"image\":{\"@id\":\"https:\/\/norekspert.no\/pl\/tlumaczenia-zwykle-norwesko-polskie\/#primaryimage\"},\"thumbnailUrl\":\"https:\/\/norekspert.no\/wp-content\/uploads\/2025\/05\/Tlumaczenia-zwykle-1.webp\",\"datePublished\":\"2024-12-24T08:29:30+00:00\",\"dateModified\":\"2026-01-07T09:46:54+00:00\",\"description\":\"Profesjonalne t\u0142umaczenia zwyk\u0142e norwesko-polskie i polsko-norweskie. Zaufaj do\u015bwiadczonym t\u0142umaczom z NorEkspert.\",\"breadcrumb\":{\"@id\":\"https:\/\/norekspert.no\/pl\/tlumaczenia-zwykle-norwesko-polskie\/#breadcrumb\"},\"inLanguage\":\"pl-PL\",\"potentialAction\":[{\"@type\":\"ReadAction\",\"target\":[\"https:\/\/norekspert.no\/pl\/tlumaczenia-zwykle-norwesko-polskie\/\"]}]},{\"@type\":\"ImageObject\",\"inLanguage\":\"pl-PL\",\"@id\":\"https:\/\/norekspert.no\/pl\/tlumaczenia-zwykle-norwesko-polskie\/#primaryimage\",\"url\":\"https:\/\/norekspert.no\/wp-content\/uploads\/2025\/05\/Tlumaczenia-zwykle-1.webp\",\"contentUrl\":\"https:\/\/norekspert.no\/wp-content\/uploads\/2025\/05\/Tlumaczenia-zwykle-1.webp\",\"width\":1920,\"height\":1080,\"caption\":\"t\u0142umaczenia zwyk\u0142e | NorEkspert\"},{\"@type\":\"BreadcrumbList\",\"@id\":\"https:\/\/norekspert.no\/pl\/tlumaczenia-zwykle-norwesko-polskie\/#breadcrumb\",\"itemListElement\":[{\"@type\":\"ListItem\",\"position\":1,\"name\":\"Strona g\u0142\u00f3wna\",\"item\":\"https:\/\/norekspert.no\/pl\/\"},{\"@type\":\"ListItem\",\"position\":2,\"name\":\"T\u0142umaczenia zwyk\u0142e\"}]},{\"@type\":\"WebSite\",\"@id\":\"https:\/\/norekspert.no\/#website\",\"url\":\"https:\/\/norekspert.no\/\",\"name\":\"NorEkspert - Jeste\u015bmy Twoj\u0105 przewag\u0105 w Norwegii\",\"description\":\"Us\u0142ugi doradcze i outsourcingowe dla Polak\u00f3w w Norwegii\",\"potentialAction\":[{\"@type\":\"SearchAction\",\"target\":{\"@type\":\"EntryPoint\",\"urlTemplate\":\"https:\/\/norekspert.no\/?s={search_term_string}\"},\"query-input\":{\"@type\":\"PropertyValueSpecification\",\"valueRequired\":true,\"valueName\":\"search_term_string\"}}],\"inLanguage\":\"pl-PL\"}]}<\/script>\n<!-- \/ Yoast SEO plugin. -->","yoast_head_json":{"title":"T\u0142umaczenia zwyk\u0142e norwesko-polskie | NorEkspert","description":"Profesjonalne t\u0142umaczenia zwyk\u0142e norwesko-polskie i polsko-norweskie. Zaufaj do\u015bwiadczonym t\u0142umaczom z NorEkspert.","robots":{"index":"index","follow":"follow","max-snippet":"max-snippet:-1","max-image-preview":"max-image-preview:large","max-video-preview":"max-video-preview:-1"},"canonical":"https:\/\/norekspert.no\/pl\/tlumaczenia-zwykle-norwesko-polskie\/","og_locale":"pl_PL","og_type":"article","og_title":"T\u0142umaczenia zwyk\u0142e norwesko-polskie | NorEkspert","og_description":"Profesjonalne t\u0142umaczenia zwyk\u0142e norwesko-polskie i polsko-norweskie. Zaufaj do\u015bwiadczonym t\u0142umaczom z NorEkspert.","og_url":"https:\/\/norekspert.no\/pl\/tlumaczenia-zwykle-norwesko-polskie\/","og_site_name":"NorEkspert - Jeste\u015bmy Twoj\u0105 przewag\u0105 w Norwegii","article_modified_time":"2026-01-07T09:46:54+00:00","og_image":[{"width":1200,"height":630,"url":"https:\/\/norekspert.no\/wp-content\/uploads\/2025\/05\/tlumaczenia-zwykle.webp","type":"image\/webp"}],"twitter_card":"summary_large_image","twitter_misc":{"Szacowany czas czytania":"1 minuta"},"schema":{"@context":"https:\/\/schema.org","@graph":[{"@type":"WebPage","@id":"https:\/\/norekspert.no\/pl\/tlumaczenia-zwykle-norwesko-polskie\/","url":"https:\/\/norekspert.no\/pl\/tlumaczenia-zwykle-norwesko-polskie\/","name":"T\u0142umaczenia zwyk\u0142e norwesko-polskie | NorEkspert","isPartOf":{"@id":"https:\/\/norekspert.no\/#website"},"primaryImageOfPage":{"@id":"https:\/\/norekspert.no\/pl\/tlumaczenia-zwykle-norwesko-polskie\/#primaryimage"},"image":{"@id":"https:\/\/norekspert.no\/pl\/tlumaczenia-zwykle-norwesko-polskie\/#primaryimage"},"thumbnailUrl":"https:\/\/norekspert.no\/wp-content\/uploads\/2025\/05\/Tlumaczenia-zwykle-1.webp","datePublished":"2024-12-24T08:29:30+00:00","dateModified":"2026-01-07T09:46:54+00:00","description":"Profesjonalne t\u0142umaczenia zwyk\u0142e norwesko-polskie i polsko-norweskie. Zaufaj do\u015bwiadczonym t\u0142umaczom z NorEkspert.","breadcrumb":{"@id":"https:\/\/norekspert.no\/pl\/tlumaczenia-zwykle-norwesko-polskie\/#breadcrumb"},"inLanguage":"pl-PL","potentialAction":[{"@type":"ReadAction","target":["https:\/\/norekspert.no\/pl\/tlumaczenia-zwykle-norwesko-polskie\/"]}]},{"@type":"ImageObject","inLanguage":"pl-PL","@id":"https:\/\/norekspert.no\/pl\/tlumaczenia-zwykle-norwesko-polskie\/#primaryimage","url":"https:\/\/norekspert.no\/wp-content\/uploads\/2025\/05\/Tlumaczenia-zwykle-1.webp","contentUrl":"https:\/\/norekspert.no\/wp-content\/uploads\/2025\/05\/Tlumaczenia-zwykle-1.webp","width":1920,"height":1080,"caption":"t\u0142umaczenia zwyk\u0142e | NorEkspert"},{"@type":"BreadcrumbList","@id":"https:\/\/norekspert.no\/pl\/tlumaczenia-zwykle-norwesko-polskie\/#breadcrumb","itemListElement":[{"@type":"ListItem","position":1,"name":"Strona g\u0142\u00f3wna","item":"https:\/\/norekspert.no\/pl\/"},{"@type":"ListItem","position":2,"name":"T\u0142umaczenia zwyk\u0142e"}]},{"@type":"WebSite","@id":"https:\/\/norekspert.no\/#website","url":"https:\/\/norekspert.no\/","name":"NorEkspert - Jeste\u015bmy Twoj\u0105 przewag\u0105 w Norwegii","description":"Us\u0142ugi doradcze i outsourcingowe dla Polak\u00f3w w Norwegii","potentialAction":[{"@type":"SearchAction","target":{"@type":"EntryPoint","urlTemplate":"https:\/\/norekspert.no\/?s={search_term_string}"},"query-input":{"@type":"PropertyValueSpecification","valueRequired":true,"valueName":"search_term_string"}}],"inLanguage":"pl-PL"}]}},"_links":{"self":[{"href":"https:\/\/norekspert.no\/pl\/wp-json\/wp\/v2\/pages\/1172","targetHints":{"allow":["GET"]}}],"collection":[{"href":"https:\/\/norekspert.no\/pl\/wp-json\/wp\/v2\/pages"}],"about":[{"href":"https:\/\/norekspert.no\/pl\/wp-json\/wp\/v2\/types\/page"}],"author":[{"embeddable":true,"href":"https:\/\/norekspert.no\/pl\/wp-json\/wp\/v2\/users\/15"}],"replies":[{"embeddable":true,"href":"https:\/\/norekspert.no\/pl\/wp-json\/wp\/v2\/comments?post=1172"}],"version-history":[{"count":16,"href":"https:\/\/norekspert.no\/pl\/wp-json\/wp\/v2\/pages\/1172\/revisions"}],"predecessor-version":[{"id":6019,"href":"https:\/\/norekspert.no\/pl\/wp-json\/wp\/v2\/pages\/1172\/revisions\/6019"}],"wp:featuredmedia":[{"embeddable":true,"href":"https:\/\/norekspert.no\/pl\/wp-json\/wp\/v2\/media\/3698"}],"wp:attachment":[{"href":"https:\/\/norekspert.no\/pl\/wp-json\/wp\/v2\/media?parent=1172"}],"curies":[{"name":"wp","href":"https:\/\/api.w.org\/{rel}","templated":true}]}}