{"id":1186,"date":"2024-12-24T09:31:31","date_gmt":"2024-12-24T08:31:31","guid":{"rendered":"https:\/\/norekspert.no\/?page_id=1186"},"modified":"2025-09-05T07:07:43","modified_gmt":"2025-09-05T05:07:43","slug":"o-nas","status":"publish","type":"page","link":"https:\/\/norekspert.no\/pl\/o-nas\/","title":{"rendered":"O nas"},"content":{"rendered":"","protected":false},"excerpt":{"rendered":"","protected":false},"author":5,"featured_media":2917,"parent":0,"menu_order":0,"comment_status":"closed","ping_status":"closed","template":"","meta":{"_acf_changed":false,"inline_featured_image":false,"footnotes":""},"class_list":["post-1186","page","type-page","status-publish","has-post-thumbnail","hentry"],"acf":[],"yoast_head":"<!-- This site is optimized with the Yoast SEO plugin v25.8 - https:\/\/yoast.com\/wordpress\/plugins\/seo\/ -->\n<title>O nas | NorEkspert<\/title>\n<meta name=\"description\" content=\"Tworzymy przewag\u0119 dla polskich pracownik\u00f3w i firm w Norwegii. Poznaj nasz norweskoj\u0119zyczny zesp\u00f3\u0142!\" \/>\n<meta name=\"robots\" content=\"index, follow, max-snippet:-1, max-image-preview:large, max-video-preview:-1\" \/>\n<link rel=\"canonical\" href=\"https:\/\/norekspert.no\/pl\/o-nas\/\" \/>\n<meta property=\"og:locale\" content=\"pl_PL\" \/>\n<meta property=\"og:type\" content=\"article\" \/>\n<meta property=\"og:title\" content=\"O nas | NorEkspert\" \/>\n<meta property=\"og:description\" content=\"Tworzymy przewag\u0119 dla polskich pracownik\u00f3w i firm w Norwegii. Poznaj nasz norweskoj\u0119zyczny zesp\u00f3\u0142!\" \/>\n<meta property=\"og:url\" content=\"https:\/\/norekspert.no\/pl\/o-nas\/\" \/>\n<meta property=\"og:site_name\" content=\"NorEkspert - Jeste\u015bmy Twoj\u0105 przewag\u0105 w Norwegii\" \/>\n<meta property=\"article:modified_time\" content=\"2025-09-05T05:07:43+00:00\" \/>\n<meta property=\"og:image\" content=\"https:\/\/norekspert.no\/wp-content\/uploads\/2025\/03\/om-oss-_2_.webp\" \/>\n\t<meta property=\"og:image:width\" content=\"1200\" \/>\n\t<meta property=\"og:image:height\" content=\"630\" \/>\n\t<meta property=\"og:image:type\" content=\"image\/webp\" \/>\n<meta name=\"twitter:card\" content=\"summary_large_image\" \/>\n<meta name=\"twitter:label1\" content=\"Szacowany czas czytania\" \/>\n\t<meta name=\"twitter:data1\" content=\"1 minuta\" \/>\n<script type=\"application\/ld+json\" class=\"yoast-schema-graph\">{\"@context\":\"https:\/\/schema.org\",\"@graph\":[{\"@type\":\"WebPage\",\"@id\":\"https:\/\/norekspert.no\/pl\/o-nas\/\",\"url\":\"https:\/\/norekspert.no\/pl\/o-nas\/\",\"name\":\"O nas | NorEkspert\",\"isPartOf\":{\"@id\":\"https:\/\/norekspert.no\/#website\"},\"primaryImageOfPage\":{\"@id\":\"https:\/\/norekspert.no\/pl\/o-nas\/#primaryimage\"},\"image\":{\"@id\":\"https:\/\/norekspert.no\/pl\/o-nas\/#primaryimage\"},\"thumbnailUrl\":\"https:\/\/norekspert.no\/wp-content\/uploads\/2025\/03\/om-oss-1.jpg\",\"datePublished\":\"2024-12-24T08:31:31+00:00\",\"dateModified\":\"2025-09-05T05:07:43+00:00\",\"description\":\"Tworzymy przewag\u0119 dla polskich pracownik\u00f3w i firm w Norwegii. Poznaj nasz norweskoj\u0119zyczny zesp\u00f3\u0142!\",\"breadcrumb\":{\"@id\":\"https:\/\/norekspert.no\/pl\/o-nas\/#breadcrumb\"},\"inLanguage\":\"pl-PL\",\"potentialAction\":[{\"@type\":\"ReadAction\",\"target\":[\"https:\/\/norekspert.no\/pl\/o-nas\/\"]}]},{\"@type\":\"ImageObject\",\"inLanguage\":\"pl-PL\",\"@id\":\"https:\/\/norekspert.no\/pl\/o-nas\/#primaryimage\",\"url\":\"https:\/\/norekspert.no\/wp-content\/uploads\/2025\/03\/om-oss-1.jpg\",\"contentUrl\":\"https:\/\/norekspert.no\/wp-content\/uploads\/2025\/03\/om-oss-1.jpg\",\"width\":1920,\"height\":1080},{\"@type\":\"BreadcrumbList\",\"@id\":\"https:\/\/norekspert.no\/pl\/o-nas\/#breadcrumb\",\"itemListElement\":[{\"@type\":\"ListItem\",\"position\":1,\"name\":\"Strona g\u0142\u00f3wna\",\"item\":\"https:\/\/norekspert.no\/pl\/\"},{\"@type\":\"ListItem\",\"position\":2,\"name\":\"O nas\"}]},{\"@type\":\"WebSite\",\"@id\":\"https:\/\/norekspert.no\/#website\",\"url\":\"https:\/\/norekspert.no\/\",\"name\":\"NorEkspert - Jeste\u015bmy Twoj\u0105 przewag\u0105 w Norwegii\",\"description\":\"Us\u0142ugi doradcze i outsourcingowe dla Polak\u00f3w w Norwegii\",\"potentialAction\":[{\"@type\":\"SearchAction\",\"target\":{\"@type\":\"EntryPoint\",\"urlTemplate\":\"https:\/\/norekspert.no\/?s={search_term_string}\"},\"query-input\":{\"@type\":\"PropertyValueSpecification\",\"valueRequired\":true,\"valueName\":\"search_term_string\"}}],\"inLanguage\":\"pl-PL\"}]}<\/script>\n<!-- \/ Yoast SEO plugin. -->","yoast_head_json":{"title":"O nas | NorEkspert","description":"Tworzymy przewag\u0119 dla polskich pracownik\u00f3w i firm w Norwegii. Poznaj nasz norweskoj\u0119zyczny zesp\u00f3\u0142!","robots":{"index":"index","follow":"follow","max-snippet":"max-snippet:-1","max-image-preview":"max-image-preview:large","max-video-preview":"max-video-preview:-1"},"canonical":"https:\/\/norekspert.no\/pl\/o-nas\/","og_locale":"pl_PL","og_type":"article","og_title":"O nas | NorEkspert","og_description":"Tworzymy przewag\u0119 dla polskich pracownik\u00f3w i firm w Norwegii. Poznaj nasz norweskoj\u0119zyczny zesp\u00f3\u0142!","og_url":"https:\/\/norekspert.no\/pl\/o-nas\/","og_site_name":"NorEkspert - Jeste\u015bmy Twoj\u0105 przewag\u0105 w Norwegii","article_modified_time":"2025-09-05T05:07:43+00:00","og_image":[{"width":1200,"height":630,"url":"https:\/\/norekspert.no\/wp-content\/uploads\/2025\/03\/om-oss-_2_.webp","type":"image\/webp"}],"twitter_card":"summary_large_image","twitter_misc":{"Szacowany czas czytania":"1 minuta"},"schema":{"@context":"https:\/\/schema.org","@graph":[{"@type":"WebPage","@id":"https:\/\/norekspert.no\/pl\/o-nas\/","url":"https:\/\/norekspert.no\/pl\/o-nas\/","name":"O nas | NorEkspert","isPartOf":{"@id":"https:\/\/norekspert.no\/#website"},"primaryImageOfPage":{"@id":"https:\/\/norekspert.no\/pl\/o-nas\/#primaryimage"},"image":{"@id":"https:\/\/norekspert.no\/pl\/o-nas\/#primaryimage"},"thumbnailUrl":"https:\/\/norekspert.no\/wp-content\/uploads\/2025\/03\/om-oss-1.jpg","datePublished":"2024-12-24T08:31:31+00:00","dateModified":"2025-09-05T05:07:43+00:00","description":"Tworzymy przewag\u0119 dla polskich pracownik\u00f3w i firm w Norwegii. Poznaj nasz norweskoj\u0119zyczny zesp\u00f3\u0142!","breadcrumb":{"@id":"https:\/\/norekspert.no\/pl\/o-nas\/#breadcrumb"},"inLanguage":"pl-PL","potentialAction":[{"@type":"ReadAction","target":["https:\/\/norekspert.no\/pl\/o-nas\/"]}]},{"@type":"ImageObject","inLanguage":"pl-PL","@id":"https:\/\/norekspert.no\/pl\/o-nas\/#primaryimage","url":"https:\/\/norekspert.no\/wp-content\/uploads\/2025\/03\/om-oss-1.jpg","contentUrl":"https:\/\/norekspert.no\/wp-content\/uploads\/2025\/03\/om-oss-1.jpg","width":1920,"height":1080},{"@type":"BreadcrumbList","@id":"https:\/\/norekspert.no\/pl\/o-nas\/#breadcrumb","itemListElement":[{"@type":"ListItem","position":1,"name":"Strona g\u0142\u00f3wna","item":"https:\/\/norekspert.no\/pl\/"},{"@type":"ListItem","position":2,"name":"O nas"}]},{"@type":"WebSite","@id":"https:\/\/norekspert.no\/#website","url":"https:\/\/norekspert.no\/","name":"NorEkspert - Jeste\u015bmy Twoj\u0105 przewag\u0105 w Norwegii","description":"Us\u0142ugi doradcze i outsourcingowe dla Polak\u00f3w w Norwegii","potentialAction":[{"@type":"SearchAction","target":{"@type":"EntryPoint","urlTemplate":"https:\/\/norekspert.no\/?s={search_term_string}"},"query-input":{"@type":"PropertyValueSpecification","valueRequired":true,"valueName":"search_term_string"}}],"inLanguage":"pl-PL"}]}},"_links":{"self":[{"href":"https:\/\/norekspert.no\/pl\/wp-json\/wp\/v2\/pages\/1186","targetHints":{"allow":["GET"]}}],"collection":[{"href":"https:\/\/norekspert.no\/pl\/wp-json\/wp\/v2\/pages"}],"about":[{"href":"https:\/\/norekspert.no\/pl\/wp-json\/wp\/v2\/types\/page"}],"author":[{"embeddable":true,"href":"https:\/\/norekspert.no\/pl\/wp-json\/wp\/v2\/users\/5"}],"replies":[{"embeddable":true,"href":"https:\/\/norekspert.no\/pl\/wp-json\/wp\/v2\/comments?post=1186"}],"version-history":[{"count":20,"href":"https:\/\/norekspert.no\/pl\/wp-json\/wp\/v2\/pages\/1186\/revisions"}],"predecessor-version":[{"id":3288,"href":"https:\/\/norekspert.no\/pl\/wp-json\/wp\/v2\/pages\/1186\/revisions\/3288"}],"wp:featuredmedia":[{"embeddable":true,"href":"https:\/\/norekspert.no\/pl\/wp-json\/wp\/v2\/media\/2917"}],"wp:attachment":[{"href":"https:\/\/norekspert.no\/pl\/wp-json\/wp\/v2\/media?parent=1186"}],"curies":[{"name":"wp","href":"https:\/\/api.w.org\/{rel}","templated":true}]}}