{"id":4721,"date":"2025-11-10T06:08:03","date_gmt":"2025-11-10T05:08:03","guid":{"rendered":"https:\/\/norekspert.no\/klient-prywatny-2\/"},"modified":"2026-01-07T07:31:37","modified_gmt":"2026-01-07T06:31:37","slug":"uslugi","status":"publish","type":"page","link":"https:\/\/norekspert.no\/pl\/uslugi\/","title":{"rendered":"Us\u0142ugi"},"content":{"rendered":"","protected":false},"excerpt":{"rendered":"","protected":false},"author":5,"featured_media":4778,"parent":0,"menu_order":0,"comment_status":"closed","ping_status":"closed","template":"","meta":{"_acf_changed":false,"inline_featured_image":false,"footnotes":""},"class_list":["post-4721","page","type-page","status-publish","has-post-thumbnail","hentry"],"acf":[],"yoast_head":"<!-- This site is optimized with the Yoast SEO plugin v25.8 - https:\/\/yoast.com\/wordpress\/plugins\/seo\/ -->\n<title>Us\u0142ugi dla Polak\u00f3w w Norwegii | Pracownicy | Firmy | NorEkspert<\/title>\n<meta name=\"description\" content=\"Profesjonalne wsparcie dla Polak\u00f3w w Norwegii. Podatki, zasi\u0142ki, emerytury, formalno\u015bci i doradztwo biznesowe. Skontaktuj si\u0119 z ekspertami!\" \/>\n<meta name=\"robots\" content=\"index, follow, max-snippet:-1, max-image-preview:large, max-video-preview:-1\" \/>\n<link rel=\"canonical\" href=\"https:\/\/norekspert.no\/pl\/uslugi\/\" \/>\n<meta property=\"og:locale\" content=\"pl_PL\" \/>\n<meta property=\"og:type\" content=\"article\" \/>\n<meta property=\"og:title\" content=\"Kompleksowe us\u0142ugi w Norwegii - Podatki | Zasi\u0142ki | Formalno\u015bci | T\u0142umaczenia | Biznes\" \/>\n<meta property=\"og:description\" content=\"Potrzebujesz pomocy z podatkami, zasi\u0142kami i innymi formalno\u015bciami w Norwegii? Za\u0142atwimy je za Ciebie! Profesjonalne wsparcie dla Polak\u00f3w w Norwegii \u2705 Najkorzystniejsze rozliczenia podatkowe \u2705 Zasi\u0142ki i \u015bwiadczenia z NAV \u2705 Emerytury i planowanie emerytalne \u2705 Formalno\u015bci \u2705 T\u0142umaczenia \u2705 Biznes \u2705 14 lat do\u015bwiadczenia \u2022 Norweskoj\u0119zyczni eksperci \u2022 Realizacja z Polski \u2022 Skontaktuj si\u0119 z nami i za\u0142atw wszystkie formalno\u015bci szybko i skutecznie!\" \/>\n<meta property=\"og:url\" content=\"https:\/\/norekspert.no\/pl\/uslugi\/\" \/>\n<meta property=\"og:site_name\" content=\"NorEkspert - Jeste\u015bmy Twoj\u0105 przewag\u0105 w Norwegii\" \/>\n<meta property=\"article:modified_time\" content=\"2026-01-07T06:31:37+00:00\" \/>\n<meta property=\"og:image\" content=\"https:\/\/norekspert.no\/wp-content\/uploads\/2025\/11\/uslugi-1.webp\" \/>\n\t<meta property=\"og:image:width\" content=\"1200\" \/>\n\t<meta property=\"og:image:height\" content=\"630\" \/>\n\t<meta property=\"og:image:type\" content=\"image\/webp\" \/>\n<meta name=\"twitter:card\" content=\"summary_large_image\" \/>\n<meta name=\"twitter:label1\" content=\"Szacowany czas czytania\" \/>\n\t<meta name=\"twitter:data1\" content=\"1 minuta\" \/>\n<script type=\"application\/ld+json\" class=\"yoast-schema-graph\">{\"@context\":\"https:\/\/schema.org\",\"@graph\":[{\"@type\":\"WebPage\",\"@id\":\"https:\/\/norekspert.no\/pl\/uslugi\/\",\"url\":\"https:\/\/norekspert.no\/pl\/uslugi\/\",\"name\":\"Us\u0142ugi dla Polak\u00f3w w Norwegii | Pracownicy | Firmy | NorEkspert\",\"isPartOf\":{\"@id\":\"https:\/\/norekspert.no\/#website\"},\"primaryImageOfPage\":{\"@id\":\"https:\/\/norekspert.no\/pl\/uslugi\/#primaryimage\"},\"image\":{\"@id\":\"https:\/\/norekspert.no\/pl\/uslugi\/#primaryimage\"},\"thumbnailUrl\":\"https:\/\/norekspert.no\/wp-content\/uploads\/2025\/11\/uslugi.webp\",\"datePublished\":\"2025-11-10T05:08:03+00:00\",\"dateModified\":\"2026-01-07T06:31:37+00:00\",\"description\":\"Profesjonalne wsparcie dla Polak\u00f3w w Norwegii. Podatki, zasi\u0142ki, emerytury, formalno\u015bci i doradztwo biznesowe. Skontaktuj si\u0119 z ekspertami!\",\"breadcrumb\":{\"@id\":\"https:\/\/norekspert.no\/pl\/uslugi\/#breadcrumb\"},\"inLanguage\":\"pl-PL\",\"potentialAction\":[{\"@type\":\"ReadAction\",\"target\":[\"https:\/\/norekspert.no\/pl\/uslugi\/\"]}]},{\"@type\":\"ImageObject\",\"inLanguage\":\"pl-PL\",\"@id\":\"https:\/\/norekspert.no\/pl\/uslugi\/#primaryimage\",\"url\":\"https:\/\/norekspert.no\/wp-content\/uploads\/2025\/11\/uslugi.webp\",\"contentUrl\":\"https:\/\/norekspert.no\/wp-content\/uploads\/2025\/11\/uslugi.webp\",\"width\":1920,\"height\":1080,\"caption\":\"Us\u0142ugi dla Polak\u00f3w w Norwegii | NorEkspert\"},{\"@type\":\"BreadcrumbList\",\"@id\":\"https:\/\/norekspert.no\/pl\/uslugi\/#breadcrumb\",\"itemListElement\":[{\"@type\":\"ListItem\",\"position\":1,\"name\":\"Strona g\u0142\u00f3wna\",\"item\":\"https:\/\/norekspert.no\/pl\/\"},{\"@type\":\"ListItem\",\"position\":2,\"name\":\"Us\u0142ugi\"}]},{\"@type\":\"WebSite\",\"@id\":\"https:\/\/norekspert.no\/#website\",\"url\":\"https:\/\/norekspert.no\/\",\"name\":\"NorEkspert - Jeste\u015bmy Twoj\u0105 przewag\u0105 w Norwegii\",\"description\":\"Us\u0142ugi doradcze i outsourcingowe dla Polak\u00f3w w Norwegii\",\"potentialAction\":[{\"@type\":\"SearchAction\",\"target\":{\"@type\":\"EntryPoint\",\"urlTemplate\":\"https:\/\/norekspert.no\/?s={search_term_string}\"},\"query-input\":{\"@type\":\"PropertyValueSpecification\",\"valueRequired\":true,\"valueName\":\"search_term_string\"}}],\"inLanguage\":\"pl-PL\"}]}<\/script>\n<!-- \/ Yoast SEO plugin. -->","yoast_head_json":{"title":"Us\u0142ugi dla Polak\u00f3w w Norwegii | Pracownicy | Firmy | NorEkspert","description":"Profesjonalne wsparcie dla Polak\u00f3w w Norwegii. Podatki, zasi\u0142ki, emerytury, formalno\u015bci i doradztwo biznesowe. Skontaktuj si\u0119 z ekspertami!","robots":{"index":"index","follow":"follow","max-snippet":"max-snippet:-1","max-image-preview":"max-image-preview:large","max-video-preview":"max-video-preview:-1"},"canonical":"https:\/\/norekspert.no\/pl\/uslugi\/","og_locale":"pl_PL","og_type":"article","og_title":"Kompleksowe us\u0142ugi w Norwegii - Podatki | Zasi\u0142ki | Formalno\u015bci | T\u0142umaczenia | Biznes","og_description":"Potrzebujesz pomocy z podatkami, zasi\u0142kami i innymi formalno\u015bciami w Norwegii? Za\u0142atwimy je za Ciebie! Profesjonalne wsparcie dla Polak\u00f3w w Norwegii \u2705 Najkorzystniejsze rozliczenia podatkowe \u2705 Zasi\u0142ki i \u015bwiadczenia z NAV \u2705 Emerytury i planowanie emerytalne \u2705 Formalno\u015bci \u2705 T\u0142umaczenia \u2705 Biznes \u2705 14 lat do\u015bwiadczenia \u2022 Norweskoj\u0119zyczni eksperci \u2022 Realizacja z Polski \u2022 Skontaktuj si\u0119 z nami i za\u0142atw wszystkie formalno\u015bci szybko i skutecznie!","og_url":"https:\/\/norekspert.no\/pl\/uslugi\/","og_site_name":"NorEkspert - Jeste\u015bmy Twoj\u0105 przewag\u0105 w Norwegii","article_modified_time":"2026-01-07T06:31:37+00:00","og_image":[{"width":1200,"height":630,"url":"https:\/\/norekspert.no\/wp-content\/uploads\/2025\/11\/uslugi-1.webp","type":"image\/webp"}],"twitter_card":"summary_large_image","twitter_misc":{"Szacowany czas czytania":"1 minuta"},"schema":{"@context":"https:\/\/schema.org","@graph":[{"@type":"WebPage","@id":"https:\/\/norekspert.no\/pl\/uslugi\/","url":"https:\/\/norekspert.no\/pl\/uslugi\/","name":"Us\u0142ugi dla Polak\u00f3w w Norwegii | Pracownicy | Firmy | NorEkspert","isPartOf":{"@id":"https:\/\/norekspert.no\/#website"},"primaryImageOfPage":{"@id":"https:\/\/norekspert.no\/pl\/uslugi\/#primaryimage"},"image":{"@id":"https:\/\/norekspert.no\/pl\/uslugi\/#primaryimage"},"thumbnailUrl":"https:\/\/norekspert.no\/wp-content\/uploads\/2025\/11\/uslugi.webp","datePublished":"2025-11-10T05:08:03+00:00","dateModified":"2026-01-07T06:31:37+00:00","description":"Profesjonalne wsparcie dla Polak\u00f3w w Norwegii. Podatki, zasi\u0142ki, emerytury, formalno\u015bci i doradztwo biznesowe. Skontaktuj si\u0119 z ekspertami!","breadcrumb":{"@id":"https:\/\/norekspert.no\/pl\/uslugi\/#breadcrumb"},"inLanguage":"pl-PL","potentialAction":[{"@type":"ReadAction","target":["https:\/\/norekspert.no\/pl\/uslugi\/"]}]},{"@type":"ImageObject","inLanguage":"pl-PL","@id":"https:\/\/norekspert.no\/pl\/uslugi\/#primaryimage","url":"https:\/\/norekspert.no\/wp-content\/uploads\/2025\/11\/uslugi.webp","contentUrl":"https:\/\/norekspert.no\/wp-content\/uploads\/2025\/11\/uslugi.webp","width":1920,"height":1080,"caption":"Us\u0142ugi dla Polak\u00f3w w Norwegii | NorEkspert"},{"@type":"BreadcrumbList","@id":"https:\/\/norekspert.no\/pl\/uslugi\/#breadcrumb","itemListElement":[{"@type":"ListItem","position":1,"name":"Strona g\u0142\u00f3wna","item":"https:\/\/norekspert.no\/pl\/"},{"@type":"ListItem","position":2,"name":"Us\u0142ugi"}]},{"@type":"WebSite","@id":"https:\/\/norekspert.no\/#website","url":"https:\/\/norekspert.no\/","name":"NorEkspert - Jeste\u015bmy Twoj\u0105 przewag\u0105 w Norwegii","description":"Us\u0142ugi doradcze i outsourcingowe dla Polak\u00f3w w Norwegii","potentialAction":[{"@type":"SearchAction","target":{"@type":"EntryPoint","urlTemplate":"https:\/\/norekspert.no\/?s={search_term_string}"},"query-input":{"@type":"PropertyValueSpecification","valueRequired":true,"valueName":"search_term_string"}}],"inLanguage":"pl-PL"}]}},"_links":{"self":[{"href":"https:\/\/norekspert.no\/pl\/wp-json\/wp\/v2\/pages\/4721","targetHints":{"allow":["GET"]}}],"collection":[{"href":"https:\/\/norekspert.no\/pl\/wp-json\/wp\/v2\/pages"}],"about":[{"href":"https:\/\/norekspert.no\/pl\/wp-json\/wp\/v2\/types\/page"}],"author":[{"embeddable":true,"href":"https:\/\/norekspert.no\/pl\/wp-json\/wp\/v2\/users\/5"}],"replies":[{"embeddable":true,"href":"https:\/\/norekspert.no\/pl\/wp-json\/wp\/v2\/comments?post=4721"}],"version-history":[{"count":23,"href":"https:\/\/norekspert.no\/pl\/wp-json\/wp\/v2\/pages\/4721\/revisions"}],"predecessor-version":[{"id":5988,"href":"https:\/\/norekspert.no\/pl\/wp-json\/wp\/v2\/pages\/4721\/revisions\/5988"}],"wp:featuredmedia":[{"embeddable":true,"href":"https:\/\/norekspert.no\/pl\/wp-json\/wp\/v2\/media\/4778"}],"wp:attachment":[{"href":"https:\/\/norekspert.no\/pl\/wp-json\/wp\/v2\/media?parent=4721"}],"curies":[{"name":"wp","href":"https:\/\/api.w.org\/{rel}","templated":true}]}}