{"id":5077,"date":"2025-11-26T13:13:06","date_gmt":"2025-11-26T12:13:06","guid":{"rendered":"https:\/\/norekspert.no\/?page_id=5077"},"modified":"2026-01-07T10:07:58","modified_gmt":"2026-01-07T09:07:58","slug":"renta-inwalidzka","status":"publish","type":"page","link":"https:\/\/norekspert.no\/pl\/renta-inwalidzka\/","title":{"rendered":"Renta inwalidzka"},"content":{"rendered":"","protected":false},"excerpt":{"rendered":"","protected":false},"author":8,"featured_media":5124,"parent":0,"menu_order":0,"comment_status":"closed","ping_status":"closed","template":"","meta":{"_acf_changed":false,"inline_featured_image":false,"footnotes":""},"class_list":["post-5077","page","type-page","status-publish","has-post-thumbnail","hentry"],"acf":[],"yoast_head":"<!-- This site is optimized with the Yoast SEO plugin v25.8 - https:\/\/yoast.com\/wordpress\/plugins\/seo\/ -->\n<title>Renta inwalidzka w Norwegii (uf\u00f8retrygd) | NorEkspert<\/title>\n<meta name=\"description\" content=\"Skorzystaj z profesjonalnej pomocy w uzyskaniu renty zdrowotnej. Zadbamy o wniosek do NAV i zapewnimy Ci pewne wyp\u0142acenie \u015bwiadczenia.\" \/>\n<meta name=\"robots\" content=\"index, follow, max-snippet:-1, max-image-preview:large, max-video-preview:-1\" \/>\n<link rel=\"canonical\" href=\"https:\/\/norekspert.no\/pl\/renta-inwalidzka\/\" \/>\n<meta property=\"og:locale\" content=\"pl_PL\" \/>\n<meta property=\"og:type\" content=\"article\" \/>\n<meta property=\"og:title\" content=\"Renta inwalidzka w Norwegii (uf\u00f8retrygd) | NorEkspert\" \/>\n<meta property=\"og:description\" content=\"Skorzystaj z profesjonalnej pomocy w uzyskaniu renty zdrowotnej. Zadbamy o wniosek do NAV i zapewnimy Ci pewne wyp\u0142acenie \u015bwiadczenia.\" \/>\n<meta property=\"og:url\" content=\"https:\/\/norekspert.no\/pl\/renta-inwalidzka\/\" \/>\n<meta property=\"og:site_name\" content=\"NorEkspert - Jeste\u015bmy Twoj\u0105 przewag\u0105 w Norwegii\" \/>\n<meta property=\"article:modified_time\" content=\"2026-01-07T09:07:58+00:00\" \/>\n<meta property=\"og:image\" content=\"https:\/\/norekspert.no\/wp-content\/uploads\/2025\/11\/laczenie-rodzin-1-1.webp\" \/>\n\t<meta property=\"og:image:width\" content=\"1200\" \/>\n\t<meta property=\"og:image:height\" content=\"630\" \/>\n\t<meta property=\"og:image:type\" content=\"image\/webp\" \/>\n<meta name=\"twitter:card\" content=\"summary_large_image\" \/>\n<meta name=\"twitter:label1\" content=\"Szacowany czas czytania\" \/>\n\t<meta name=\"twitter:data1\" content=\"1 minuta\" \/>\n<script type=\"application\/ld+json\" class=\"yoast-schema-graph\">{\"@context\":\"https:\/\/schema.org\",\"@graph\":[{\"@type\":\"WebPage\",\"@id\":\"https:\/\/norekspert.no\/pl\/renta-inwalidzka\/\",\"url\":\"https:\/\/norekspert.no\/pl\/renta-inwalidzka\/\",\"name\":\"Renta inwalidzka w Norwegii (uf\u00f8retrygd) | NorEkspert\",\"isPartOf\":{\"@id\":\"https:\/\/norekspert.no\/#website\"},\"primaryImageOfPage\":{\"@id\":\"https:\/\/norekspert.no\/pl\/renta-inwalidzka\/#primaryimage\"},\"image\":{\"@id\":\"https:\/\/norekspert.no\/pl\/renta-inwalidzka\/#primaryimage\"},\"thumbnailUrl\":\"https:\/\/norekspert.no\/wp-content\/uploads\/2025\/11\/renta-inwalidzka.webp\",\"datePublished\":\"2025-11-26T12:13:06+00:00\",\"dateModified\":\"2026-01-07T09:07:58+00:00\",\"description\":\"Skorzystaj z profesjonalnej pomocy w uzyskaniu renty zdrowotnej. Zadbamy o wniosek do NAV i zapewnimy Ci pewne wyp\u0142acenie \u015bwiadczenia.\",\"breadcrumb\":{\"@id\":\"https:\/\/norekspert.no\/pl\/renta-inwalidzka\/#breadcrumb\"},\"inLanguage\":\"pl-PL\",\"potentialAction\":[{\"@type\":\"ReadAction\",\"target\":[\"https:\/\/norekspert.no\/pl\/renta-inwalidzka\/\"]}]},{\"@type\":\"ImageObject\",\"inLanguage\":\"pl-PL\",\"@id\":\"https:\/\/norekspert.no\/pl\/renta-inwalidzka\/#primaryimage\",\"url\":\"https:\/\/norekspert.no\/wp-content\/uploads\/2025\/11\/renta-inwalidzka.webp\",\"contentUrl\":\"https:\/\/norekspert.no\/wp-content\/uploads\/2025\/11\/renta-inwalidzka.webp\",\"width\":1920,\"height\":1080,\"caption\":\"Renta inwalidzka | NorEkspert\"},{\"@type\":\"BreadcrumbList\",\"@id\":\"https:\/\/norekspert.no\/pl\/renta-inwalidzka\/#breadcrumb\",\"itemListElement\":[{\"@type\":\"ListItem\",\"position\":1,\"name\":\"Strona g\u0142\u00f3wna\",\"item\":\"https:\/\/norekspert.no\/pl\/\"},{\"@type\":\"ListItem\",\"position\":2,\"name\":\"Renta inwalidzka\"}]},{\"@type\":\"WebSite\",\"@id\":\"https:\/\/norekspert.no\/#website\",\"url\":\"https:\/\/norekspert.no\/\",\"name\":\"NorEkspert - Jeste\u015bmy Twoj\u0105 przewag\u0105 w Norwegii\",\"description\":\"Us\u0142ugi doradcze i outsourcingowe dla Polak\u00f3w w Norwegii\",\"potentialAction\":[{\"@type\":\"SearchAction\",\"target\":{\"@type\":\"EntryPoint\",\"urlTemplate\":\"https:\/\/norekspert.no\/?s={search_term_string}\"},\"query-input\":{\"@type\":\"PropertyValueSpecification\",\"valueRequired\":true,\"valueName\":\"search_term_string\"}}],\"inLanguage\":\"pl-PL\"}]}<\/script>\n<!-- \/ Yoast SEO plugin. -->","yoast_head_json":{"title":"Renta inwalidzka w Norwegii (uf\u00f8retrygd) | NorEkspert","description":"Skorzystaj z profesjonalnej pomocy w uzyskaniu renty zdrowotnej. Zadbamy o wniosek do NAV i zapewnimy Ci pewne wyp\u0142acenie \u015bwiadczenia.","robots":{"index":"index","follow":"follow","max-snippet":"max-snippet:-1","max-image-preview":"max-image-preview:large","max-video-preview":"max-video-preview:-1"},"canonical":"https:\/\/norekspert.no\/pl\/renta-inwalidzka\/","og_locale":"pl_PL","og_type":"article","og_title":"Renta inwalidzka w Norwegii (uf\u00f8retrygd) | NorEkspert","og_description":"Skorzystaj z profesjonalnej pomocy w uzyskaniu renty zdrowotnej. Zadbamy o wniosek do NAV i zapewnimy Ci pewne wyp\u0142acenie \u015bwiadczenia.","og_url":"https:\/\/norekspert.no\/pl\/renta-inwalidzka\/","og_site_name":"NorEkspert - Jeste\u015bmy Twoj\u0105 przewag\u0105 w Norwegii","article_modified_time":"2026-01-07T09:07:58+00:00","og_image":[{"width":1200,"height":630,"url":"https:\/\/norekspert.no\/wp-content\/uploads\/2025\/11\/laczenie-rodzin-1-1.webp","type":"image\/webp"}],"twitter_card":"summary_large_image","twitter_misc":{"Szacowany czas czytania":"1 minuta"},"schema":{"@context":"https:\/\/schema.org","@graph":[{"@type":"WebPage","@id":"https:\/\/norekspert.no\/pl\/renta-inwalidzka\/","url":"https:\/\/norekspert.no\/pl\/renta-inwalidzka\/","name":"Renta inwalidzka w Norwegii (uf\u00f8retrygd) | NorEkspert","isPartOf":{"@id":"https:\/\/norekspert.no\/#website"},"primaryImageOfPage":{"@id":"https:\/\/norekspert.no\/pl\/renta-inwalidzka\/#primaryimage"},"image":{"@id":"https:\/\/norekspert.no\/pl\/renta-inwalidzka\/#primaryimage"},"thumbnailUrl":"https:\/\/norekspert.no\/wp-content\/uploads\/2025\/11\/renta-inwalidzka.webp","datePublished":"2025-11-26T12:13:06+00:00","dateModified":"2026-01-07T09:07:58+00:00","description":"Skorzystaj z profesjonalnej pomocy w uzyskaniu renty zdrowotnej. Zadbamy o wniosek do NAV i zapewnimy Ci pewne wyp\u0142acenie \u015bwiadczenia.","breadcrumb":{"@id":"https:\/\/norekspert.no\/pl\/renta-inwalidzka\/#breadcrumb"},"inLanguage":"pl-PL","potentialAction":[{"@type":"ReadAction","target":["https:\/\/norekspert.no\/pl\/renta-inwalidzka\/"]}]},{"@type":"ImageObject","inLanguage":"pl-PL","@id":"https:\/\/norekspert.no\/pl\/renta-inwalidzka\/#primaryimage","url":"https:\/\/norekspert.no\/wp-content\/uploads\/2025\/11\/renta-inwalidzka.webp","contentUrl":"https:\/\/norekspert.no\/wp-content\/uploads\/2025\/11\/renta-inwalidzka.webp","width":1920,"height":1080,"caption":"Renta inwalidzka | NorEkspert"},{"@type":"BreadcrumbList","@id":"https:\/\/norekspert.no\/pl\/renta-inwalidzka\/#breadcrumb","itemListElement":[{"@type":"ListItem","position":1,"name":"Strona g\u0142\u00f3wna","item":"https:\/\/norekspert.no\/pl\/"},{"@type":"ListItem","position":2,"name":"Renta inwalidzka"}]},{"@type":"WebSite","@id":"https:\/\/norekspert.no\/#website","url":"https:\/\/norekspert.no\/","name":"NorEkspert - Jeste\u015bmy Twoj\u0105 przewag\u0105 w Norwegii","description":"Us\u0142ugi doradcze i outsourcingowe dla Polak\u00f3w w Norwegii","potentialAction":[{"@type":"SearchAction","target":{"@type":"EntryPoint","urlTemplate":"https:\/\/norekspert.no\/?s={search_term_string}"},"query-input":{"@type":"PropertyValueSpecification","valueRequired":true,"valueName":"search_term_string"}}],"inLanguage":"pl-PL"}]}},"_links":{"self":[{"href":"https:\/\/norekspert.no\/pl\/wp-json\/wp\/v2\/pages\/5077","targetHints":{"allow":["GET"]}}],"collection":[{"href":"https:\/\/norekspert.no\/pl\/wp-json\/wp\/v2\/pages"}],"about":[{"href":"https:\/\/norekspert.no\/pl\/wp-json\/wp\/v2\/types\/page"}],"author":[{"embeddable":true,"href":"https:\/\/norekspert.no\/pl\/wp-json\/wp\/v2\/users\/8"}],"replies":[{"embeddable":true,"href":"https:\/\/norekspert.no\/pl\/wp-json\/wp\/v2\/comments?post=5077"}],"version-history":[{"count":12,"href":"https:\/\/norekspert.no\/pl\/wp-json\/wp\/v2\/pages\/5077\/revisions"}],"predecessor-version":[{"id":5993,"href":"https:\/\/norekspert.no\/pl\/wp-json\/wp\/v2\/pages\/5077\/revisions\/5993"}],"wp:featuredmedia":[{"embeddable":true,"href":"https:\/\/norekspert.no\/pl\/wp-json\/wp\/v2\/media\/5124"}],"wp:attachment":[{"href":"https:\/\/norekspert.no\/pl\/wp-json\/wp\/v2\/media?parent=5077"}],"curies":[{"name":"wp","href":"https:\/\/api.w.org\/{rel}","templated":true}]}}