{"id":5183,"date":"2025-12-01T11:58:05","date_gmt":"2025-12-01T10:58:05","guid":{"rendered":"https:\/\/norekspert.no\/?page_id=5183"},"modified":"2026-01-07T10:16:16","modified_gmt":"2026-01-07T09:16:16","slug":"renta-sieroca","status":"publish","type":"page","link":"https:\/\/norekspert.no\/pl\/renta-sieroca\/","title":{"rendered":"Renta sieroca"},"content":{"rendered":"","protected":false},"excerpt":{"rendered":"","protected":false},"author":8,"featured_media":5226,"parent":0,"menu_order":0,"comment_status":"closed","ping_status":"closed","template":"","meta":{"_acf_changed":false,"inline_featured_image":false,"footnotes":""},"class_list":["post-5183","page","type-page","status-publish","has-post-thumbnail","hentry"],"acf":[],"yoast_head":"<!-- This site is optimized with the Yoast SEO plugin v25.8 - https:\/\/yoast.com\/wordpress\/plugins\/seo\/ -->\n<title>Renta sieroca (barnepensjon) w Norwegii | NorEkspert<\/title>\n<meta name=\"description\" content=\"Zabezpiecz swoje dziecko po stracie rodzica w Norwegii. Skorzystaj z pomocy NorEkspert i uzyskaj rent\u0119 sieroc\u0105 od NAV szybko i bez stresu.\" \/>\n<meta name=\"robots\" content=\"index, follow, max-snippet:-1, max-image-preview:large, max-video-preview:-1\" \/>\n<link rel=\"canonical\" href=\"https:\/\/norekspert.no\/pl\/renta-sieroca\/\" \/>\n<meta property=\"og:locale\" content=\"pl_PL\" \/>\n<meta property=\"og:type\" content=\"article\" \/>\n<meta property=\"og:title\" content=\"Renta sieroca (barnepensjon) w Norwegii | NorEkspert\" \/>\n<meta property=\"og:description\" content=\"Zabezpiecz swoje dziecko po stracie rodzica w Norwegii. Skorzystaj z pomocy NorEkspert i uzyskaj rent\u0119 sieroc\u0105 od NAV szybko i bez stresu.\" \/>\n<meta property=\"og:url\" content=\"https:\/\/norekspert.no\/pl\/renta-sieroca\/\" \/>\n<meta property=\"og:site_name\" content=\"NorEkspert - Jeste\u015bmy Twoj\u0105 przewag\u0105 w Norwegii\" \/>\n<meta property=\"article:modified_time\" content=\"2026-01-07T09:16:16+00:00\" \/>\n<meta property=\"og:image\" content=\"https:\/\/norekspert.no\/wp-content\/uploads\/2025\/12\/renta-sieroca-1.webp\" \/>\n\t<meta property=\"og:image:width\" content=\"1200\" \/>\n\t<meta property=\"og:image:height\" content=\"630\" \/>\n\t<meta property=\"og:image:type\" content=\"image\/webp\" \/>\n<meta name=\"twitter:card\" content=\"summary_large_image\" \/>\n<meta name=\"twitter:label1\" content=\"Szacowany czas czytania\" \/>\n\t<meta name=\"twitter:data1\" content=\"1 minuta\" \/>\n<script type=\"application\/ld+json\" class=\"yoast-schema-graph\">{\"@context\":\"https:\/\/schema.org\",\"@graph\":[{\"@type\":\"WebPage\",\"@id\":\"https:\/\/norekspert.no\/pl\/renta-sieroca\/\",\"url\":\"https:\/\/norekspert.no\/pl\/renta-sieroca\/\",\"name\":\"Renta sieroca (barnepensjon) w Norwegii | NorEkspert\",\"isPartOf\":{\"@id\":\"https:\/\/norekspert.no\/#website\"},\"primaryImageOfPage\":{\"@id\":\"https:\/\/norekspert.no\/pl\/renta-sieroca\/#primaryimage\"},\"image\":{\"@id\":\"https:\/\/norekspert.no\/pl\/renta-sieroca\/#primaryimage\"},\"thumbnailUrl\":\"https:\/\/norekspert.no\/wp-content\/uploads\/2025\/12\/renta-sieroca.webp\",\"datePublished\":\"2025-12-01T10:58:05+00:00\",\"dateModified\":\"2026-01-07T09:16:16+00:00\",\"description\":\"Zabezpiecz swoje dziecko po stracie rodzica w Norwegii. Skorzystaj z pomocy NorEkspert i uzyskaj rent\u0119 sieroc\u0105 od NAV szybko i bez stresu.\",\"breadcrumb\":{\"@id\":\"https:\/\/norekspert.no\/pl\/renta-sieroca\/#breadcrumb\"},\"inLanguage\":\"pl-PL\",\"potentialAction\":[{\"@type\":\"ReadAction\",\"target\":[\"https:\/\/norekspert.no\/pl\/renta-sieroca\/\"]}]},{\"@type\":\"ImageObject\",\"inLanguage\":\"pl-PL\",\"@id\":\"https:\/\/norekspert.no\/pl\/renta-sieroca\/#primaryimage\",\"url\":\"https:\/\/norekspert.no\/wp-content\/uploads\/2025\/12\/renta-sieroca.webp\",\"contentUrl\":\"https:\/\/norekspert.no\/wp-content\/uploads\/2025\/12\/renta-sieroca.webp\",\"width\":1920,\"height\":1080,\"caption\":\"Renta sieroca | NorEkspert\"},{\"@type\":\"BreadcrumbList\",\"@id\":\"https:\/\/norekspert.no\/pl\/renta-sieroca\/#breadcrumb\",\"itemListElement\":[{\"@type\":\"ListItem\",\"position\":1,\"name\":\"Strona g\u0142\u00f3wna\",\"item\":\"https:\/\/norekspert.no\/pl\/\"},{\"@type\":\"ListItem\",\"position\":2,\"name\":\"Renta sieroca\"}]},{\"@type\":\"WebSite\",\"@id\":\"https:\/\/norekspert.no\/#website\",\"url\":\"https:\/\/norekspert.no\/\",\"name\":\"NorEkspert - Jeste\u015bmy Twoj\u0105 przewag\u0105 w Norwegii\",\"description\":\"Us\u0142ugi doradcze i outsourcingowe dla Polak\u00f3w w Norwegii\",\"potentialAction\":[{\"@type\":\"SearchAction\",\"target\":{\"@type\":\"EntryPoint\",\"urlTemplate\":\"https:\/\/norekspert.no\/?s={search_term_string}\"},\"query-input\":{\"@type\":\"PropertyValueSpecification\",\"valueRequired\":true,\"valueName\":\"search_term_string\"}}],\"inLanguage\":\"pl-PL\"}]}<\/script>\n<!-- \/ Yoast SEO plugin. -->","yoast_head_json":{"title":"Renta sieroca (barnepensjon) w Norwegii | NorEkspert","description":"Zabezpiecz swoje dziecko po stracie rodzica w Norwegii. Skorzystaj z pomocy NorEkspert i uzyskaj rent\u0119 sieroc\u0105 od NAV szybko i bez stresu.","robots":{"index":"index","follow":"follow","max-snippet":"max-snippet:-1","max-image-preview":"max-image-preview:large","max-video-preview":"max-video-preview:-1"},"canonical":"https:\/\/norekspert.no\/pl\/renta-sieroca\/","og_locale":"pl_PL","og_type":"article","og_title":"Renta sieroca (barnepensjon) w Norwegii | NorEkspert","og_description":"Zabezpiecz swoje dziecko po stracie rodzica w Norwegii. Skorzystaj z pomocy NorEkspert i uzyskaj rent\u0119 sieroc\u0105 od NAV szybko i bez stresu.","og_url":"https:\/\/norekspert.no\/pl\/renta-sieroca\/","og_site_name":"NorEkspert - Jeste\u015bmy Twoj\u0105 przewag\u0105 w Norwegii","article_modified_time":"2026-01-07T09:16:16+00:00","og_image":[{"width":1200,"height":630,"url":"https:\/\/norekspert.no\/wp-content\/uploads\/2025\/12\/renta-sieroca-1.webp","type":"image\/webp"}],"twitter_card":"summary_large_image","twitter_misc":{"Szacowany czas czytania":"1 minuta"},"schema":{"@context":"https:\/\/schema.org","@graph":[{"@type":"WebPage","@id":"https:\/\/norekspert.no\/pl\/renta-sieroca\/","url":"https:\/\/norekspert.no\/pl\/renta-sieroca\/","name":"Renta sieroca (barnepensjon) w Norwegii | NorEkspert","isPartOf":{"@id":"https:\/\/norekspert.no\/#website"},"primaryImageOfPage":{"@id":"https:\/\/norekspert.no\/pl\/renta-sieroca\/#primaryimage"},"image":{"@id":"https:\/\/norekspert.no\/pl\/renta-sieroca\/#primaryimage"},"thumbnailUrl":"https:\/\/norekspert.no\/wp-content\/uploads\/2025\/12\/renta-sieroca.webp","datePublished":"2025-12-01T10:58:05+00:00","dateModified":"2026-01-07T09:16:16+00:00","description":"Zabezpiecz swoje dziecko po stracie rodzica w Norwegii. Skorzystaj z pomocy NorEkspert i uzyskaj rent\u0119 sieroc\u0105 od NAV szybko i bez stresu.","breadcrumb":{"@id":"https:\/\/norekspert.no\/pl\/renta-sieroca\/#breadcrumb"},"inLanguage":"pl-PL","potentialAction":[{"@type":"ReadAction","target":["https:\/\/norekspert.no\/pl\/renta-sieroca\/"]}]},{"@type":"ImageObject","inLanguage":"pl-PL","@id":"https:\/\/norekspert.no\/pl\/renta-sieroca\/#primaryimage","url":"https:\/\/norekspert.no\/wp-content\/uploads\/2025\/12\/renta-sieroca.webp","contentUrl":"https:\/\/norekspert.no\/wp-content\/uploads\/2025\/12\/renta-sieroca.webp","width":1920,"height":1080,"caption":"Renta sieroca | NorEkspert"},{"@type":"BreadcrumbList","@id":"https:\/\/norekspert.no\/pl\/renta-sieroca\/#breadcrumb","itemListElement":[{"@type":"ListItem","position":1,"name":"Strona g\u0142\u00f3wna","item":"https:\/\/norekspert.no\/pl\/"},{"@type":"ListItem","position":2,"name":"Renta sieroca"}]},{"@type":"WebSite","@id":"https:\/\/norekspert.no\/#website","url":"https:\/\/norekspert.no\/","name":"NorEkspert - Jeste\u015bmy Twoj\u0105 przewag\u0105 w Norwegii","description":"Us\u0142ugi doradcze i outsourcingowe dla Polak\u00f3w w Norwegii","potentialAction":[{"@type":"SearchAction","target":{"@type":"EntryPoint","urlTemplate":"https:\/\/norekspert.no\/?s={search_term_string}"},"query-input":{"@type":"PropertyValueSpecification","valueRequired":true,"valueName":"search_term_string"}}],"inLanguage":"pl-PL"}]}},"_links":{"self":[{"href":"https:\/\/norekspert.no\/pl\/wp-json\/wp\/v2\/pages\/5183","targetHints":{"allow":["GET"]}}],"collection":[{"href":"https:\/\/norekspert.no\/pl\/wp-json\/wp\/v2\/pages"}],"about":[{"href":"https:\/\/norekspert.no\/pl\/wp-json\/wp\/v2\/types\/page"}],"author":[{"embeddable":true,"href":"https:\/\/norekspert.no\/pl\/wp-json\/wp\/v2\/users\/8"}],"replies":[{"embeddable":true,"href":"https:\/\/norekspert.no\/pl\/wp-json\/wp\/v2\/comments?post=5183"}],"version-history":[{"count":11,"href":"https:\/\/norekspert.no\/pl\/wp-json\/wp\/v2\/pages\/5183\/revisions"}],"predecessor-version":[{"id":5999,"href":"https:\/\/norekspert.no\/pl\/wp-json\/wp\/v2\/pages\/5183\/revisions\/5999"}],"wp:featuredmedia":[{"embeddable":true,"href":"https:\/\/norekspert.no\/pl\/wp-json\/wp\/v2\/media\/5226"}],"wp:attachment":[{"href":"https:\/\/norekspert.no\/pl\/wp-json\/wp\/v2\/media?parent=5183"}],"curies":[{"name":"wp","href":"https:\/\/api.w.org\/{rel}","templated":true}]}}