{"id":5942,"date":"2026-01-05T11:47:11","date_gmt":"2026-01-05T10:47:11","guid":{"rendered":"https:\/\/norekspert.no\/?page_id=5942"},"modified":"2026-01-05T13:32:59","modified_gmt":"2026-01-05T12:32:59","slug":"renta-po-zmarlym-wspolmalzonku","status":"publish","type":"page","link":"https:\/\/norekspert.no\/pl\/renta-po-zmarlym-wspolmalzonku\/","title":{"rendered":"Renta po zmar\u0142ym wsp\u00f3\u0142ma\u0142\u017conku"},"content":{"rendered":"","protected":false},"excerpt":{"rendered":"","protected":false},"author":8,"featured_media":0,"parent":0,"menu_order":0,"comment_status":"closed","ping_status":"closed","template":"","meta":{"_acf_changed":false,"inline_featured_image":false,"footnotes":""},"class_list":["post-5942","page","type-page","status-publish","hentry"],"acf":[],"yoast_head":"<!-- This site is optimized with the Yoast SEO plugin v25.8 - https:\/\/yoast.com\/wordpress\/plugins\/seo\/ -->\n<title>Renta po zmar\u0142ym wsp\u00f3\u0142ma\u0142\u017conku w Norwegii | NorEkspert<\/title>\n<meta name=\"description\" content=\"Pomagamy uzyska\u0107 omstillingsst\u00f8nad \u2013 \u015bwiadczenie po zmar\u0142ym wsp\u00f3\u0142ma\u0142\u017conku w Norwegii, dawniej renta wdowia (gjenlevendepensjon).\" \/>\n<meta name=\"robots\" content=\"index, follow, max-snippet:-1, max-image-preview:large, max-video-preview:-1\" \/>\n<link rel=\"canonical\" href=\"https:\/\/norekspert.no\/pl\/renta-po-zmarlym-wspolmalzonku\/\" \/>\n<meta property=\"og:locale\" content=\"pl_PL\" \/>\n<meta property=\"og:type\" content=\"article\" \/>\n<meta property=\"og:title\" content=\"Renta po zmar\u0142ym wsp\u00f3\u0142ma\u0142\u017conku w Norwegii | NorEkspert\" \/>\n<meta property=\"og:description\" content=\"Pomagamy uzyska\u0107 omstillingsst\u00f8nad \u2013 \u015bwiadczenie po zmar\u0142ym wsp\u00f3\u0142ma\u0142\u017conku w Norwegii, dawniej renta wdowia (gjenlevendepensjon).\" \/>\n<meta property=\"og:url\" content=\"https:\/\/norekspert.no\/pl\/renta-po-zmarlym-wspolmalzonku\/\" \/>\n<meta property=\"og:site_name\" content=\"NorEkspert - Jeste\u015bmy Twoj\u0105 przewag\u0105 w Norwegii\" \/>\n<meta property=\"article:modified_time\" content=\"2026-01-05T12:32:59+00:00\" \/>\n<meta property=\"og:image\" content=\"https:\/\/norekspert.no\/wp-content\/uploads\/2026\/01\/renta-po-zmarlym-wspolmalzonku-1.webp\" \/>\n\t<meta property=\"og:image:width\" content=\"1200\" \/>\n\t<meta property=\"og:image:height\" content=\"630\" \/>\n\t<meta property=\"og:image:type\" content=\"image\/webp\" \/>\n<meta name=\"twitter:card\" content=\"summary_large_image\" \/>\n<script type=\"application\/ld+json\" class=\"yoast-schema-graph\">{\"@context\":\"https:\/\/schema.org\",\"@graph\":[{\"@type\":\"WebPage\",\"@id\":\"https:\/\/norekspert.no\/pl\/renta-po-zmarlym-wspolmalzonku\/\",\"url\":\"https:\/\/norekspert.no\/pl\/renta-po-zmarlym-wspolmalzonku\/\",\"name\":\"Renta po zmar\u0142ym wsp\u00f3\u0142ma\u0142\u017conku w Norwegii | NorEkspert\",\"isPartOf\":{\"@id\":\"https:\/\/norekspert.no\/#website\"},\"datePublished\":\"2026-01-05T10:47:11+00:00\",\"dateModified\":\"2026-01-05T12:32:59+00:00\",\"description\":\"Pomagamy uzyska\u0107 omstillingsst\u00f8nad \u2013 \u015bwiadczenie po zmar\u0142ym wsp\u00f3\u0142ma\u0142\u017conku w Norwegii, dawniej renta wdowia (gjenlevendepensjon).\",\"breadcrumb\":{\"@id\":\"https:\/\/norekspert.no\/pl\/renta-po-zmarlym-wspolmalzonku\/#breadcrumb\"},\"inLanguage\":\"pl-PL\",\"potentialAction\":[{\"@type\":\"ReadAction\",\"target\":[\"https:\/\/norekspert.no\/pl\/renta-po-zmarlym-wspolmalzonku\/\"]}]},{\"@type\":\"BreadcrumbList\",\"@id\":\"https:\/\/norekspert.no\/pl\/renta-po-zmarlym-wspolmalzonku\/#breadcrumb\",\"itemListElement\":[{\"@type\":\"ListItem\",\"position\":1,\"name\":\"Strona g\u0142\u00f3wna\",\"item\":\"https:\/\/norekspert.no\/pl\/\"},{\"@type\":\"ListItem\",\"position\":2,\"name\":\"Renta po zmar\u0142ym wsp\u00f3\u0142ma\u0142\u017conku\"}]},{\"@type\":\"WebSite\",\"@id\":\"https:\/\/norekspert.no\/#website\",\"url\":\"https:\/\/norekspert.no\/\",\"name\":\"NorEkspert - Jeste\u015bmy Twoj\u0105 przewag\u0105 w Norwegii\",\"description\":\"Us\u0142ugi doradcze i outsourcingowe dla Polak\u00f3w w Norwegii\",\"potentialAction\":[{\"@type\":\"SearchAction\",\"target\":{\"@type\":\"EntryPoint\",\"urlTemplate\":\"https:\/\/norekspert.no\/?s={search_term_string}\"},\"query-input\":{\"@type\":\"PropertyValueSpecification\",\"valueRequired\":true,\"valueName\":\"search_term_string\"}}],\"inLanguage\":\"pl-PL\"}]}<\/script>\n<!-- \/ Yoast SEO plugin. -->","yoast_head_json":{"title":"Renta po zmar\u0142ym wsp\u00f3\u0142ma\u0142\u017conku w Norwegii | NorEkspert","description":"Pomagamy uzyska\u0107 omstillingsst\u00f8nad \u2013 \u015bwiadczenie po zmar\u0142ym wsp\u00f3\u0142ma\u0142\u017conku w Norwegii, dawniej renta wdowia (gjenlevendepensjon).","robots":{"index":"index","follow":"follow","max-snippet":"max-snippet:-1","max-image-preview":"max-image-preview:large","max-video-preview":"max-video-preview:-1"},"canonical":"https:\/\/norekspert.no\/pl\/renta-po-zmarlym-wspolmalzonku\/","og_locale":"pl_PL","og_type":"article","og_title":"Renta po zmar\u0142ym wsp\u00f3\u0142ma\u0142\u017conku w Norwegii | NorEkspert","og_description":"Pomagamy uzyska\u0107 omstillingsst\u00f8nad \u2013 \u015bwiadczenie po zmar\u0142ym wsp\u00f3\u0142ma\u0142\u017conku w Norwegii, dawniej renta wdowia (gjenlevendepensjon).","og_url":"https:\/\/norekspert.no\/pl\/renta-po-zmarlym-wspolmalzonku\/","og_site_name":"NorEkspert - Jeste\u015bmy Twoj\u0105 przewag\u0105 w Norwegii","article_modified_time":"2026-01-05T12:32:59+00:00","og_image":[{"width":1200,"height":630,"url":"https:\/\/norekspert.no\/wp-content\/uploads\/2026\/01\/renta-po-zmarlym-wspolmalzonku-1.webp","type":"image\/webp"}],"twitter_card":"summary_large_image","schema":{"@context":"https:\/\/schema.org","@graph":[{"@type":"WebPage","@id":"https:\/\/norekspert.no\/pl\/renta-po-zmarlym-wspolmalzonku\/","url":"https:\/\/norekspert.no\/pl\/renta-po-zmarlym-wspolmalzonku\/","name":"Renta po zmar\u0142ym wsp\u00f3\u0142ma\u0142\u017conku w Norwegii | NorEkspert","isPartOf":{"@id":"https:\/\/norekspert.no\/#website"},"datePublished":"2026-01-05T10:47:11+00:00","dateModified":"2026-01-05T12:32:59+00:00","description":"Pomagamy uzyska\u0107 omstillingsst\u00f8nad \u2013 \u015bwiadczenie po zmar\u0142ym wsp\u00f3\u0142ma\u0142\u017conku w Norwegii, dawniej renta wdowia (gjenlevendepensjon).","breadcrumb":{"@id":"https:\/\/norekspert.no\/pl\/renta-po-zmarlym-wspolmalzonku\/#breadcrumb"},"inLanguage":"pl-PL","potentialAction":[{"@type":"ReadAction","target":["https:\/\/norekspert.no\/pl\/renta-po-zmarlym-wspolmalzonku\/"]}]},{"@type":"BreadcrumbList","@id":"https:\/\/norekspert.no\/pl\/renta-po-zmarlym-wspolmalzonku\/#breadcrumb","itemListElement":[{"@type":"ListItem","position":1,"name":"Strona g\u0142\u00f3wna","item":"https:\/\/norekspert.no\/pl\/"},{"@type":"ListItem","position":2,"name":"Renta po zmar\u0142ym wsp\u00f3\u0142ma\u0142\u017conku"}]},{"@type":"WebSite","@id":"https:\/\/norekspert.no\/#website","url":"https:\/\/norekspert.no\/","name":"NorEkspert - Jeste\u015bmy Twoj\u0105 przewag\u0105 w Norwegii","description":"Us\u0142ugi doradcze i outsourcingowe dla Polak\u00f3w w Norwegii","potentialAction":[{"@type":"SearchAction","target":{"@type":"EntryPoint","urlTemplate":"https:\/\/norekspert.no\/?s={search_term_string}"},"query-input":{"@type":"PropertyValueSpecification","valueRequired":true,"valueName":"search_term_string"}}],"inLanguage":"pl-PL"}]}},"_links":{"self":[{"href":"https:\/\/norekspert.no\/pl\/wp-json\/wp\/v2\/pages\/5942","targetHints":{"allow":["GET"]}}],"collection":[{"href":"https:\/\/norekspert.no\/pl\/wp-json\/wp\/v2\/pages"}],"about":[{"href":"https:\/\/norekspert.no\/pl\/wp-json\/wp\/v2\/types\/page"}],"author":[{"embeddable":true,"href":"https:\/\/norekspert.no\/pl\/wp-json\/wp\/v2\/users\/8"}],"replies":[{"embeddable":true,"href":"https:\/\/norekspert.no\/pl\/wp-json\/wp\/v2\/comments?post=5942"}],"version-history":[{"count":9,"href":"https:\/\/norekspert.no\/pl\/wp-json\/wp\/v2\/pages\/5942\/revisions"}],"predecessor-version":[{"id":5964,"href":"https:\/\/norekspert.no\/pl\/wp-json\/wp\/v2\/pages\/5942\/revisions\/5964"}],"wp:attachment":[{"href":"https:\/\/norekspert.no\/pl\/wp-json\/wp\/v2\/media?parent=5942"}],"curies":[{"name":"wp","href":"https:\/\/api.w.org\/{rel}","templated":true}]}}